{"id":2795,"date":"2020-08-06T10:14:50","date_gmt":"2020-08-06T08:14:50","guid":{"rendered":"https:\/\/preussen-ringer.de\/linki-dzwonka\/"},"modified":"2020-08-06T10:14:51","modified_gmt":"2020-08-06T08:14:51","slug":"linki-dzwonka","status":"publish","type":"page","link":"https:\/\/preussen-ringer.de\/pl\/linki-dzwonka\/","title":{"rendered":"Linki dzwonka"},"content":{"rendered":"<div class=\"wpb-content-wrapper\"><p>[vc_row][vc_column][vc_column_text]<\/p>\n<h1><\/h1>\n<h3>Og\u00f3lne linki lub kluby sportowe w Niemczech<\/h3>\n<table style=\"border-collapse: separate;border-spacing: 10px;border: none\">\n<tbody>\n<tr>\n<td><a href=\"http:\/\/www.ringen.de\" target=\"_blank\" rel=\"noopener noreferrer\">www.ringen.de<\/a><\/td>\n<td>oficjalna strona Niemieckiej Federacji Zapa\u015bniczej<\/td>\n<\/tr>\n<tr>\n<td><a href=\"http:\/\/www.berliner-ringerverband.de\" target=\"_blank\" rel=\"noopener noreferrer\">www.berliner-ringerverband.de<\/a><\/td>\n<td>Strona Berli\u0144skiej Federacji Zapa\u015bniczej<\/td>\n<\/tr>\n<tr>\n<td><a href=\"http:\/\/www.liga-db.de\" target=\"_blank\" rel=\"noopener noreferrer\">www.liga-db.de<\/a><\/td>\n<td>Baza danych Ringer League z wieloma aktualnymi wynikami i datami<\/td>\n<\/tr>\n<tr>\n<td><a href=\"http:\/\/www.ringertreff.de\" target=\"_blank\" rel=\"noopener noreferrer\">www.ringertreff.de<\/a><\/td>\n<td>Strona z wieloma aktualnymi wypowiedziami Andreasa Wolferta z Aalen<\/td>\n<\/tr>\n<tr>\n<td><a href=\"http:\/\/www.olympic.org\" target=\"_blank\" rel=\"noopener noreferrer\">www.olympic.org<\/a><\/td>\n<td>Strona internetowa Igrzysk Olimpijskich<\/td>\n<\/tr>\n<tr>\n<td><a href=\"http:\/\/www.dosb.de\" target=\"_blank\" rel=\"noopener noreferrer\">www.dosb.de<\/a><\/td>\n<td>Niemiecka Federacja Sport\u00f3w Olimpijskich<\/td>\n<\/tr>\n<tr>\n<td><a href=\"http:\/\/www.sv-preussen-berlin.de\" target=\"_blank\" rel=\"noopener noreferrer\">www.sv-preussen-berlin.de<\/a><\/td>\n<td>Strona naszego g\u0142\u00f3wnego klubu<\/td>\n<\/tr>\n<\/tbody>\n<\/table>\n<p>&nbsp;<\/p>\n<h3>Kluby sportowe i zapa\u015bnicze w Berlinie<\/h3>\n<table style=\"border-collapse: separate;border-spacing: 10px;border: none\">\n<tbody>\n<tr>\n<td><a href=\"http:\/\/www.luftfahrt-ringen.de\" target=\"_blank\" rel=\"noopener noreferrer\">www.luftfahrt-ringen.de<\/a><\/td>\n<td>SV Luftfahrt Ringen jest stowarzyszeniem wsp\u00f3\u0142pracy zapa\u015bnik\u00f3w pruskich. Pierwszy zesp\u00f3\u0142 zmaga si\u0119 z pierwsz\u0105 bundeslig\u0105 od 2010 roku.<\/td>\n<\/tr>\n<tr>\n<td><a href=\"http:\/\/www.ringen-berlin.de\" target=\"_blank\" rel=\"noopener noreferrer\">www.ringen-berlin.de<\/a><\/td>\n<td>Wrestling Division vfl tegel 1891.<\/td>\n<\/tr>\n<tr>\n<td><a href=\"http:\/\/www.ringen-in-hellersdorf.de\" target=\"_blank\" rel=\"noopener noreferrer\">www.ringen-in-hellersdorf.de<\/a><\/td>\n<td>TUS Hellersdorf oferuje trening zapas\u00f3w w p\u00f3\u0142nocno-wschodniej cz\u0119\u015bci Berlina.<\/td>\n<\/tr>\n<tr>\n<td><a href=\"http:\/\/www.berliner-ringer.de\" target=\"_blank\" rel=\"noopener noreferrer\">www.berliner-ringer.de<\/a><\/td>\n<td>We wsp\u00f3\u0142pracy z SC Berolina 03, &#8222;Beginner Berlin&#8221; oferuje trening zapas\u00f3w dla ka\u017cdego.<\/td>\n<\/tr>\n<\/tbody>\n<\/table>\n<p>&nbsp;<\/p>\n<h3>Kluby w Brandenburgii<\/h3>\n<table style=\"border-collapse: separate;border-spacing: 10px;border: none\">\n<tbody>\n<tr>\n<td><a href=\"http:\/\/www.1lsc.de\" target=\"_blank\" rel=\"noopener noreferrer\">www.1lsc.de<\/a><\/td>\n<td>1 Luckenwalder Sportclub jest najwi\u0119kszym i najbardziej utytu\u0142owanym klubem w Brandenburgii. Pierwsza dru\u017cyna od 1990 roku walczy w 1.<\/td>\n<\/tr>\n<tr>\n<td><a href=\"http:\/\/www.rcg-potsdam.de\" target=\"_blank\" rel=\"noopener noreferrer\">www.rcg-potsdam.de<\/a><\/td>\n<td>&#8222;Postdams Starke Typen&#8221; przez RC Germania Poczdam<\/td>\n<\/tr>\n<tr>\n<td><a href=\"http:\/\/www.hennigsdorfer-ringerverein.de\" target=\"_blank\" rel=\"noopener noreferrer\">www.hennigsdorfer-ringerverein.de<\/a><\/td>\n<td>Brandenburger Ringerverein z Henningsdorf<\/td>\n<\/tr>\n<\/tbody>\n<\/table>\n<p>[\/vc_column_text][\/vc_column][\/vc_row]<\/p>\n<\/div>","protected":false},"excerpt":{"rendered":"<p>[vc_row][vc_column][vc_column_text] Og\u00f3lne linki lub kluby sportowe w Niemczech www.ringen.de oficjalna strona Niemieckiej Federacji Zapa\u015bniczej www.berliner-ringerverband.de Strona Berli\u0144skiej Federacji Zapa\u015bniczej www.liga-db.de Baza danych Ringer League z wieloma aktualnymi wynikami i datami www.ringertreff.de Strona z wieloma aktualnymi wypowiedziami Andreasa Wolferta z Aalen www.olympic.org Strona internetowa Igrzysk Olimpijskich www.dosb.de Niemiecka Federacja Sport\u00f3w Olimpijskich www.sv-preussen-berlin.de Strona naszego g\u0142\u00f3wnego klubu&hellip;<\/p>\n","protected":false},"author":7,"featured_media":0,"parent":0,"menu_order":0,"comment_status":"closed","ping_status":"closed","template":"","meta":{"_acf_changed":false,"footnotes":""},"class_list":["post-2795","page","type-page","status-publish","hentry"],"acf":[],"yoast_head":"<!-- This site is optimized with the Yoast SEO plugin v26.8 - https:\/\/yoast.com\/product\/yoast-seo-wordpress\/ -->\n<title>Linki dzwonka - Preussen-Ringer<\/title>\n<meta name=\"robots\" content=\"index, follow, max-snippet:-1, max-image-preview:large, max-video-preview:-1\" \/>\n<link rel=\"canonical\" href=\"https:\/\/preussen-ringer.de\/pl\/linki-dzwonka\/\" \/>\n<meta property=\"og:locale\" content=\"pl_PL\" \/>\n<meta property=\"og:type\" content=\"article\" \/>\n<meta property=\"og:title\" content=\"Linki dzwonka - Preussen-Ringer\" \/>\n<meta property=\"og:description\" content=\"[vc_row][vc_column][vc_column_text] Og\u00f3lne linki lub kluby sportowe w Niemczech www.ringen.de oficjalna strona Niemieckiej Federacji Zapa\u015bniczej www.berliner-ringerverband.de Strona Berli\u0144skiej Federacji Zapa\u015bniczej www.liga-db.de Baza danych Ringer League z wieloma aktualnymi wynikami i datami www.ringertreff.de Strona z wieloma aktualnymi wypowiedziami Andreasa Wolferta z Aalen www.olympic.org Strona internetowa Igrzysk Olimpijskich www.dosb.de Niemiecka Federacja Sport\u00f3w Olimpijskich www.sv-preussen-berlin.de Strona naszego g\u0142\u00f3wnego klubu&hellip;\" \/>\n<meta property=\"og:url\" content=\"https:\/\/preussen-ringer.de\/pl\/linki-dzwonka\/\" \/>\n<meta property=\"og:site_name\" content=\"Preussen-Ringer\" \/>\n<meta property=\"article:publisher\" content=\"https:\/\/de-de.facebook.com\/Preussen.Ringer\" \/>\n<meta property=\"article:modified_time\" content=\"2020-08-06T08:14:51+00:00\" \/>\n<meta property=\"og:image\" content=\"https:\/\/preussen-ringer.de\/wp-content\/uploads\/2020\/04\/Ringen_Berlin_Wettkampf_1920x1200.jpg\" \/>\n\t<meta property=\"og:image:width\" content=\"1920\" \/>\n\t<meta property=\"og:image:height\" content=\"1280\" \/>\n\t<meta property=\"og:image:type\" content=\"image\/jpeg\" \/>\n<meta name=\"twitter:card\" content=\"summary_large_image\" \/>\n<meta name=\"twitter:label1\" content=\"Szacowany czas czytania\" \/>\n\t<meta name=\"twitter:data1\" content=\"1 minuta\" \/>\n<script type=\"application\/ld+json\" class=\"yoast-schema-graph\">{\"@context\":\"https:\/\/schema.org\",\"@graph\":[{\"@type\":\"WebPage\",\"@id\":\"https:\/\/preussen-ringer.de\/pl\/linki-dzwonka\/\",\"url\":\"https:\/\/preussen-ringer.de\/pl\/linki-dzwonka\/\",\"name\":\"Linki dzwonka - Preussen-Ringer\",\"isPartOf\":{\"@id\":\"https:\/\/preussen-ringer.de\/#website\"},\"datePublished\":\"2020-08-06T08:14:50+00:00\",\"dateModified\":\"2020-08-06T08:14:51+00:00\",\"breadcrumb\":{\"@id\":\"https:\/\/preussen-ringer.de\/pl\/linki-dzwonka\/#breadcrumb\"},\"inLanguage\":\"pl-PL\",\"potentialAction\":[{\"@type\":\"ReadAction\",\"target\":[\"https:\/\/preussen-ringer.de\/pl\/linki-dzwonka\/\"]}]},{\"@type\":\"BreadcrumbList\",\"@id\":\"https:\/\/preussen-ringer.de\/pl\/linki-dzwonka\/#breadcrumb\",\"itemListElement\":[{\"@type\":\"ListItem\",\"position\":1,\"name\":\"Startseite\",\"item\":\"https:\/\/preussen-ringer.de\/pl\/\"},{\"@type\":\"ListItem\",\"position\":2,\"name\":\"Linki dzwonka\"}]},{\"@type\":\"WebSite\",\"@id\":\"https:\/\/preussen-ringer.de\/#website\",\"url\":\"https:\/\/preussen-ringer.de\/\",\"name\":\"Preussen-Ringer\",\"description\":\"Ringerverein in Berlin Prenzlauer Berg, Pankow, Karow und Hohensch\u00f6nhausen\",\"publisher\":{\"@id\":\"https:\/\/preussen-ringer.de\/#organization\"},\"potentialAction\":[{\"@type\":\"SearchAction\",\"target\":{\"@type\":\"EntryPoint\",\"urlTemplate\":\"https:\/\/preussen-ringer.de\/?s={search_term_string}\"},\"query-input\":{\"@type\":\"PropertyValueSpecification\",\"valueRequired\":true,\"valueName\":\"search_term_string\"}}],\"inLanguage\":\"pl-PL\"},{\"@type\":\"Organization\",\"@id\":\"https:\/\/preussen-ringer.de\/#organization\",\"name\":\"Preussen-Ringer\",\"url\":\"https:\/\/preussen-ringer.de\/\",\"logo\":{\"@type\":\"ImageObject\",\"inLanguage\":\"pl-PL\",\"@id\":\"https:\/\/preussen-ringer.de\/#\/schema\/logo\/image\/\",\"url\":\"https:\/\/preussen-ringer.de\/wp-content\/uploads\/2020\/06\/Logo_Preussen_Ringer.jpg\",\"contentUrl\":\"https:\/\/preussen-ringer.de\/wp-content\/uploads\/2020\/06\/Logo_Preussen_Ringer.jpg\",\"width\":470,\"height\":285,\"caption\":\"Preussen-Ringer\"},\"image\":{\"@id\":\"https:\/\/preussen-ringer.de\/#\/schema\/logo\/image\/\"},\"sameAs\":[\"https:\/\/de-de.facebook.com\/Preussen.Ringer\",\"https:\/\/www.instagram.com\/preussenringer.de\/?hl=de\",\"https:\/\/www.pinterest.de\/preussenringer\/\",\"https:\/\/www.youtube.com\/channel\/UCTnHKC5MOkkcgVV1un8vx3g\",\"https:\/\/de.wikipedia.org\/wiki\/SV_Preu\u00dfen_Berlin\"]}]}<\/script>\n<!-- \/ Yoast SEO plugin. -->","yoast_head_json":{"title":"Linki dzwonka - Preussen-Ringer","robots":{"index":"index","follow":"follow","max-snippet":"max-snippet:-1","max-image-preview":"max-image-preview:large","max-video-preview":"max-video-preview:-1"},"canonical":"https:\/\/preussen-ringer.de\/pl\/linki-dzwonka\/","og_locale":"pl_PL","og_type":"article","og_title":"Linki dzwonka - Preussen-Ringer","og_description":"[vc_row][vc_column][vc_column_text] Og\u00f3lne linki lub kluby sportowe w Niemczech www.ringen.de oficjalna strona Niemieckiej Federacji Zapa\u015bniczej www.berliner-ringerverband.de Strona Berli\u0144skiej Federacji Zapa\u015bniczej www.liga-db.de Baza danych Ringer League z wieloma aktualnymi wynikami i datami www.ringertreff.de Strona z wieloma aktualnymi wypowiedziami Andreasa Wolferta z Aalen www.olympic.org Strona internetowa Igrzysk Olimpijskich www.dosb.de Niemiecka Federacja Sport\u00f3w Olimpijskich www.sv-preussen-berlin.de Strona naszego g\u0142\u00f3wnego klubu&hellip;","og_url":"https:\/\/preussen-ringer.de\/pl\/linki-dzwonka\/","og_site_name":"Preussen-Ringer","article_publisher":"https:\/\/de-de.facebook.com\/Preussen.Ringer","article_modified_time":"2020-08-06T08:14:51+00:00","og_image":[{"width":1920,"height":1280,"url":"https:\/\/preussen-ringer.de\/wp-content\/uploads\/2020\/04\/Ringen_Berlin_Wettkampf_1920x1200.jpg","type":"image\/jpeg"}],"twitter_card":"summary_large_image","twitter_misc":{"Szacowany czas czytania":"1 minuta"},"schema":{"@context":"https:\/\/schema.org","@graph":[{"@type":"WebPage","@id":"https:\/\/preussen-ringer.de\/pl\/linki-dzwonka\/","url":"https:\/\/preussen-ringer.de\/pl\/linki-dzwonka\/","name":"Linki dzwonka - Preussen-Ringer","isPartOf":{"@id":"https:\/\/preussen-ringer.de\/#website"},"datePublished":"2020-08-06T08:14:50+00:00","dateModified":"2020-08-06T08:14:51+00:00","breadcrumb":{"@id":"https:\/\/preussen-ringer.de\/pl\/linki-dzwonka\/#breadcrumb"},"inLanguage":"pl-PL","potentialAction":[{"@type":"ReadAction","target":["https:\/\/preussen-ringer.de\/pl\/linki-dzwonka\/"]}]},{"@type":"BreadcrumbList","@id":"https:\/\/preussen-ringer.de\/pl\/linki-dzwonka\/#breadcrumb","itemListElement":[{"@type":"ListItem","position":1,"name":"Startseite","item":"https:\/\/preussen-ringer.de\/pl\/"},{"@type":"ListItem","position":2,"name":"Linki dzwonka"}]},{"@type":"WebSite","@id":"https:\/\/preussen-ringer.de\/#website","url":"https:\/\/preussen-ringer.de\/","name":"Preussen-Ringer","description":"Ringerverein in Berlin Prenzlauer Berg, Pankow, Karow und Hohensch\u00f6nhausen","publisher":{"@id":"https:\/\/preussen-ringer.de\/#organization"},"potentialAction":[{"@type":"SearchAction","target":{"@type":"EntryPoint","urlTemplate":"https:\/\/preussen-ringer.de\/?s={search_term_string}"},"query-input":{"@type":"PropertyValueSpecification","valueRequired":true,"valueName":"search_term_string"}}],"inLanguage":"pl-PL"},{"@type":"Organization","@id":"https:\/\/preussen-ringer.de\/#organization","name":"Preussen-Ringer","url":"https:\/\/preussen-ringer.de\/","logo":{"@type":"ImageObject","inLanguage":"pl-PL","@id":"https:\/\/preussen-ringer.de\/#\/schema\/logo\/image\/","url":"https:\/\/preussen-ringer.de\/wp-content\/uploads\/2020\/06\/Logo_Preussen_Ringer.jpg","contentUrl":"https:\/\/preussen-ringer.de\/wp-content\/uploads\/2020\/06\/Logo_Preussen_Ringer.jpg","width":470,"height":285,"caption":"Preussen-Ringer"},"image":{"@id":"https:\/\/preussen-ringer.de\/#\/schema\/logo\/image\/"},"sameAs":["https:\/\/de-de.facebook.com\/Preussen.Ringer","https:\/\/www.instagram.com\/preussenringer.de\/?hl=de","https:\/\/www.pinterest.de\/preussenringer\/","https:\/\/www.youtube.com\/channel\/UCTnHKC5MOkkcgVV1un8vx3g","https:\/\/de.wikipedia.org\/wiki\/SV_Preu\u00dfen_Berlin"]}]}},"_links":{"self":[{"href":"https:\/\/preussen-ringer.de\/pl\/wp-json\/wp\/v2\/pages\/2795","targetHints":{"allow":["GET"]}}],"collection":[{"href":"https:\/\/preussen-ringer.de\/pl\/wp-json\/wp\/v2\/pages"}],"about":[{"href":"https:\/\/preussen-ringer.de\/pl\/wp-json\/wp\/v2\/types\/page"}],"author":[{"embeddable":true,"href":"https:\/\/preussen-ringer.de\/pl\/wp-json\/wp\/v2\/users\/7"}],"replies":[{"embeddable":true,"href":"https:\/\/preussen-ringer.de\/pl\/wp-json\/wp\/v2\/comments?post=2795"}],"version-history":[{"count":3,"href":"https:\/\/preussen-ringer.de\/pl\/wp-json\/wp\/v2\/pages\/2795\/revisions"}],"predecessor-version":[{"id":2807,"href":"https:\/\/preussen-ringer.de\/pl\/wp-json\/wp\/v2\/pages\/2795\/revisions\/2807"}],"wp:attachment":[{"href":"https:\/\/preussen-ringer.de\/pl\/wp-json\/wp\/v2\/media?parent=2795"}],"curies":[{"name":"wp","href":"https:\/\/api.w.org\/{rel}","templated":true}]}}