{"id":2785,"date":"2020-08-06T10:14:50","date_gmt":"2020-08-06T08:14:50","guid":{"rendered":"https:\/\/preussen-ringer.de\/czesto-zadawane-pytania-czesto-zadawane-pytania\/"},"modified":"2020-08-06T10:14:50","modified_gmt":"2020-08-06T08:14:50","slug":"czesto-zadawane-pytania-czesto-zadawane-pytania","status":"publish","type":"page","link":"https:\/\/preussen-ringer.de\/pl\/czesto-zadawane-pytania-czesto-zadawane-pytania\/","title":{"rendered":"Cz\u0119sto zadawane pytania \u2014 cz\u0119sto zadawane pytania"},"content":{"rendered":"<div class=\"wpb-content-wrapper\"><p>[vc_row][vc_column][lab_heading title=&#8221;Odpowiedzi na najcz\u0119\u015bciej zadawane pytania&#8221;][\/lab_heading][\/vc_column][\/vc_row][vc_row][vc_column width=&#8221;4\/5&#8243;][vc_column_text]<\/p>\n<h4><strong>Szkolenia<\/strong><\/h4>\n<p>&nbsp;<\/p>\n<p><strong>Ja, m\u00f3j syn lub c\u00f3rka szukam klubu zapa\u015bniczego w Berlinie. Z kim mo\u017cemy si\u0119 skontaktowa\u0107?<\/strong><\/p>\n<p>Zapa\u015bnicy Preussen oferuj\u0105 szkolenia dla dzieci i m\u0142odzie\u017cy dla pocz\u0105tkuj\u0105cych i zaawansowanych w Berlinie &#8211; Karow, Prenzlauer Berg i Hohensch\u00f6nhausen. Wystarczy wys\u0142a\u0107 do nas kr\u00f3tk\u0105 informacj\u0119 za po\u015brednictwem formularza kontaktowego lub skontaktowa\u0107 si\u0119 z trenerami w odpowiednim czasie szkolenia. Udzielimy Ci odpowiedzi na Twoje pytania w odpowiednim czasie.<\/p>\n<p>&nbsp;<\/p>\n<p><strong>Kto mo\u017ce trenowa\u0107 z pruskimi zapa\u015bnikami? <\/strong><\/p>\n<p>W odpowiednich grupach szkoleniowych mog\u0105 szkoli\u0107 si\u0119 dzieci (dziewcz\u0119ta i ch\u0142opcy), m\u0142odzie\u017c, a tak\u017ce kobiety i m\u0119\u017cczy\u017ani. Od grudnia 2011 roku oferujemy grup\u0119 pe\u0142zaj\u0105c\u0105 dla dzieci od 3 roku \u017cycia, w kt\u00f3rej dzieci mog\u0105 porusza\u0107 si\u0119 w zabawny spos\u00f3b pod opiek\u0105 rodzic\u00f3w.<\/p>\n<p>&nbsp;<\/p>\n<p><strong>Co jest potrzebne do szkolenia? <\/strong><\/p>\n<p>Do treningu wymagany jest sprz\u0119t sportowy, taki jak T-shirt, spodnie treningowe i buty sportowe. Na pocz\u0105tek wystarcz\u0105 buty sportowe z p\u0142ask\u0105, lekk\u0105 podeszw\u0105. P\u00f3\u017aniej mia\u0142y zosta\u0107 zakupione specjalne buty zapa\u015bnicze.<\/p>\n<p>Zalecamy zabranie ze sob\u0105 w\u0142asnych napoj\u00f3w, aby utrata p\u0142ynu mog\u0142a by\u0107 szybko zrekompensowana po sporcie.<\/p>\n<p>&nbsp;<\/p>\n<p>&nbsp;<\/p>\n<h4><strong>Pytania dotycz\u0105ce cz\u0142onkostwa<\/strong><\/h4>\n<p><strong>Jak zosta\u0107 cz\u0142onkiem pruskich zapa\u015bnik\u00f3w?<\/strong><\/p>\n<p>Po bezp\u0142atnym szkoleniu pr\u00f3bnym pierwszych czterech tygodni, <a href=\"http:\/\/dev.preussen-ringer.de\/dokumente\/\">wniosek o cz\u0142onkostwo<\/a> musi zosta\u0107 wype\u0142niony i z\u0142o\u017cony do trener\u00f3w lub kierownictwa dzia\u0142u. Nast\u0119pnie kierownictwo departamentu reguluje korespondencj\u0119 z biurem.<\/p>\n<p><strong> <\/strong><\/p>\n<p><strong>Ile kosztuje szkolenie lub cz\u0142onkostwo?<\/strong><\/p>\n<p>Op\u0142ata cz\u0142onkowska dla wszystkich dzieci i doros\u0142ych zwykle kosztuje 20 \u20ac miesi\u0119cznie. Dla rodze\u0144stwa lub rodzic\u00f3w, kt\u00f3rych dziecko jest cz\u0142onkiem stowarzyszenia, oferujemy premi\u0119 rodze\u0144stwa (15\u20ac miesi\u0119cznie). Ponadto pobierana jest jednorazowa op\u0142ata za wst\u0119p w wysoko\u015bci 25 EUR.<\/p>\n<p><strong> <\/strong><\/p>\n<p><strong>Jak mog\u0119 ui\u015bci\u0107 op\u0142at\u0119?<\/strong><\/p>\n<p>Wp\u0142ata wk\u0142adu jest mo\u017cliwa wy\u0142\u0105cznie za pomoc\u0105 polecenia zap\u0142aty. Nale\u017cy to poda\u0107 wraz z deklaracj\u0105 wpisu na formularzu. Sk\u0142adka b\u0119dzie wyp\u0142acana kwartalnie od 15 stycznia, 15, 15, 15 kwietnia. 15.10. lub p\u00f3\u0142 roku o godzinie 15.01. i 15.07. Karmione.<\/p>\n<p>&nbsp;<\/p>\n<p><strong>Jak mog\u0119 anulowa\u0107 swoje cz\u0142onkostwo?<\/strong><\/p>\n<p>Zgodnie ze statutem stowarzyszenia, wycofanie si\u0119 do stowarzyszenia musi nast\u0105pi\u0107 bezpo\u015brednio za po\u015brednictwem urz\u0119du na pi\u015bmie (poczt\u0105: <em>SV Preu\u00dfen Berlin e.V., Biuro, Hansastr. 190, 13088 Berlin<\/em> \/ przez e-mail: <a href=\"mailto:svpreussen@t-online.de\">svpreussen@t-online.de<\/a>). Nale\u017cy pami\u0119ta\u0107, \u017ce okres karencji wynosi <em>jeden miesi\u0105c na koniec ka\u017cdego kwarta\u0142u.<\/em>[\/vc_column_text][\/vc_column][\/vc_row]<\/p>\n<\/div>","protected":false},"excerpt":{"rendered":"<p>[vc_row][vc_column][lab_heading title=&#8221;Odpowiedzi na najcz\u0119\u015bciej zadawane pytania&#8221;][\/lab_heading][\/vc_column][\/vc_row][vc_row][vc_column width=&#8221;4\/5&#8243;][vc_column_text] Szkolenia &nbsp; Ja, m\u00f3j syn lub c\u00f3rka szukam klubu zapa\u015bniczego w Berlinie. Z kim mo\u017cemy si\u0119 skontaktowa\u0107? Zapa\u015bnicy Preussen oferuj\u0105 szkolenia dla dzieci i m\u0142odzie\u017cy dla pocz\u0105tkuj\u0105cych i zaawansowanych w Berlinie &#8211; Karow, Prenzlauer Berg i Hohensch\u00f6nhausen. Wystarczy wys\u0142a\u0107 do nas kr\u00f3tk\u0105 informacj\u0119 za po\u015brednictwem formularza kontaktowego lub&hellip;<\/p>\n","protected":false},"author":3,"featured_media":0,"parent":0,"menu_order":0,"comment_status":"closed","ping_status":"closed","template":"","meta":{"_acf_changed":false,"footnotes":""},"class_list":["post-2785","page","type-page","status-publish","hentry"],"acf":[],"yoast_head":"<!-- This site is optimized with the Yoast SEO plugin v26.8 - https:\/\/yoast.com\/product\/yoast-seo-wordpress\/ -->\n<title>Cz\u0119sto zadawane pytania \u2014 cz\u0119sto zadawane pytania - Preussen-Ringer<\/title>\n<meta name=\"robots\" content=\"index, follow, max-snippet:-1, max-image-preview:large, max-video-preview:-1\" \/>\n<link rel=\"canonical\" href=\"https:\/\/preussen-ringer.de\/pl\/czesto-zadawane-pytania-czesto-zadawane-pytania\/\" \/>\n<meta property=\"og:locale\" content=\"pl_PL\" \/>\n<meta property=\"og:type\" content=\"article\" \/>\n<meta property=\"og:title\" content=\"Cz\u0119sto zadawane pytania \u2014 cz\u0119sto zadawane pytania - Preussen-Ringer\" \/>\n<meta property=\"og:description\" content=\"[vc_row][vc_column][lab_heading title=&#8221;Odpowiedzi na najcz\u0119\u015bciej zadawane pytania&#8221;][\/lab_heading][\/vc_column][\/vc_row][vc_row][vc_column width=&#8221;4\/5&#8243;][vc_column_text] Szkolenia &nbsp; Ja, m\u00f3j syn lub c\u00f3rka szukam klubu zapa\u015bniczego w Berlinie. Z kim mo\u017cemy si\u0119 skontaktowa\u0107? Zapa\u015bnicy Preussen oferuj\u0105 szkolenia dla dzieci i m\u0142odzie\u017cy dla pocz\u0105tkuj\u0105cych i zaawansowanych w Berlinie &#8211; Karow, Prenzlauer Berg i Hohensch\u00f6nhausen. Wystarczy wys\u0142a\u0107 do nas kr\u00f3tk\u0105 informacj\u0119 za po\u015brednictwem formularza kontaktowego lub&hellip;\" \/>\n<meta property=\"og:url\" content=\"https:\/\/preussen-ringer.de\/pl\/czesto-zadawane-pytania-czesto-zadawane-pytania\/\" \/>\n<meta property=\"og:site_name\" content=\"Preussen-Ringer\" \/>\n<meta property=\"article:publisher\" content=\"https:\/\/de-de.facebook.com\/Preussen.Ringer\" \/>\n<meta property=\"og:image\" content=\"https:\/\/preussen-ringer.de\/wp-content\/uploads\/2020\/04\/Ringen_Berlin_Wettkampf_1920x1200.jpg\" \/>\n\t<meta property=\"og:image:width\" content=\"1920\" \/>\n\t<meta property=\"og:image:height\" content=\"1280\" \/>\n\t<meta property=\"og:image:type\" content=\"image\/jpeg\" \/>\n<meta name=\"twitter:card\" content=\"summary_large_image\" \/>\n<meta name=\"twitter:label1\" content=\"Szacowany czas czytania\" \/>\n\t<meta name=\"twitter:data1\" content=\"2 minuty\" \/>\n<script type=\"application\/ld+json\" class=\"yoast-schema-graph\">{\"@context\":\"https:\/\/schema.org\",\"@graph\":[{\"@type\":\"WebPage\",\"@id\":\"https:\/\/preussen-ringer.de\/pl\/czesto-zadawane-pytania-czesto-zadawane-pytania\/\",\"url\":\"https:\/\/preussen-ringer.de\/pl\/czesto-zadawane-pytania-czesto-zadawane-pytania\/\",\"name\":\"Cz\u0119sto zadawane pytania \u2014 cz\u0119sto zadawane pytania - Preussen-Ringer\",\"isPartOf\":{\"@id\":\"https:\/\/preussen-ringer.de\/#website\"},\"datePublished\":\"2020-08-06T08:14:50+00:00\",\"breadcrumb\":{\"@id\":\"https:\/\/preussen-ringer.de\/pl\/czesto-zadawane-pytania-czesto-zadawane-pytania\/#breadcrumb\"},\"inLanguage\":\"pl-PL\",\"potentialAction\":[{\"@type\":\"ReadAction\",\"target\":[\"https:\/\/preussen-ringer.de\/pl\/czesto-zadawane-pytania-czesto-zadawane-pytania\/\"]}]},{\"@type\":\"BreadcrumbList\",\"@id\":\"https:\/\/preussen-ringer.de\/pl\/czesto-zadawane-pytania-czesto-zadawane-pytania\/#breadcrumb\",\"itemListElement\":[{\"@type\":\"ListItem\",\"position\":1,\"name\":\"Startseite\",\"item\":\"https:\/\/preussen-ringer.de\/pl\/\"},{\"@type\":\"ListItem\",\"position\":2,\"name\":\"Cz\u0119sto zadawane pytania \u2014 cz\u0119sto zadawane pytania\"}]},{\"@type\":\"WebSite\",\"@id\":\"https:\/\/preussen-ringer.de\/#website\",\"url\":\"https:\/\/preussen-ringer.de\/\",\"name\":\"Preussen-Ringer\",\"description\":\"Ringerverein in Berlin Prenzlauer Berg, Pankow, Karow und Hohensch\u00f6nhausen\",\"publisher\":{\"@id\":\"https:\/\/preussen-ringer.de\/#organization\"},\"potentialAction\":[{\"@type\":\"SearchAction\",\"target\":{\"@type\":\"EntryPoint\",\"urlTemplate\":\"https:\/\/preussen-ringer.de\/?s={search_term_string}\"},\"query-input\":{\"@type\":\"PropertyValueSpecification\",\"valueRequired\":true,\"valueName\":\"search_term_string\"}}],\"inLanguage\":\"pl-PL\"},{\"@type\":\"Organization\",\"@id\":\"https:\/\/preussen-ringer.de\/#organization\",\"name\":\"Preussen-Ringer\",\"url\":\"https:\/\/preussen-ringer.de\/\",\"logo\":{\"@type\":\"ImageObject\",\"inLanguage\":\"pl-PL\",\"@id\":\"https:\/\/preussen-ringer.de\/#\/schema\/logo\/image\/\",\"url\":\"https:\/\/preussen-ringer.de\/wp-content\/uploads\/2020\/06\/Logo_Preussen_Ringer.jpg\",\"contentUrl\":\"https:\/\/preussen-ringer.de\/wp-content\/uploads\/2020\/06\/Logo_Preussen_Ringer.jpg\",\"width\":470,\"height\":285,\"caption\":\"Preussen-Ringer\"},\"image\":{\"@id\":\"https:\/\/preussen-ringer.de\/#\/schema\/logo\/image\/\"},\"sameAs\":[\"https:\/\/de-de.facebook.com\/Preussen.Ringer\",\"https:\/\/www.instagram.com\/preussenringer.de\/?hl=de\",\"https:\/\/www.pinterest.de\/preussenringer\/\",\"https:\/\/www.youtube.com\/channel\/UCTnHKC5MOkkcgVV1un8vx3g\",\"https:\/\/de.wikipedia.org\/wiki\/SV_Preu\u00dfen_Berlin\"]}]}<\/script>\n<!-- \/ Yoast SEO plugin. -->","yoast_head_json":{"title":"Cz\u0119sto zadawane pytania \u2014 cz\u0119sto zadawane pytania - Preussen-Ringer","robots":{"index":"index","follow":"follow","max-snippet":"max-snippet:-1","max-image-preview":"max-image-preview:large","max-video-preview":"max-video-preview:-1"},"canonical":"https:\/\/preussen-ringer.de\/pl\/czesto-zadawane-pytania-czesto-zadawane-pytania\/","og_locale":"pl_PL","og_type":"article","og_title":"Cz\u0119sto zadawane pytania \u2014 cz\u0119sto zadawane pytania - Preussen-Ringer","og_description":"[vc_row][vc_column][lab_heading title=&#8221;Odpowiedzi na najcz\u0119\u015bciej zadawane pytania&#8221;][\/lab_heading][\/vc_column][\/vc_row][vc_row][vc_column width=&#8221;4\/5&#8243;][vc_column_text] Szkolenia &nbsp; Ja, m\u00f3j syn lub c\u00f3rka szukam klubu zapa\u015bniczego w Berlinie. Z kim mo\u017cemy si\u0119 skontaktowa\u0107? Zapa\u015bnicy Preussen oferuj\u0105 szkolenia dla dzieci i m\u0142odzie\u017cy dla pocz\u0105tkuj\u0105cych i zaawansowanych w Berlinie &#8211; Karow, Prenzlauer Berg i Hohensch\u00f6nhausen. Wystarczy wys\u0142a\u0107 do nas kr\u00f3tk\u0105 informacj\u0119 za po\u015brednictwem formularza kontaktowego lub&hellip;","og_url":"https:\/\/preussen-ringer.de\/pl\/czesto-zadawane-pytania-czesto-zadawane-pytania\/","og_site_name":"Preussen-Ringer","article_publisher":"https:\/\/de-de.facebook.com\/Preussen.Ringer","og_image":[{"width":1920,"height":1280,"url":"https:\/\/preussen-ringer.de\/wp-content\/uploads\/2020\/04\/Ringen_Berlin_Wettkampf_1920x1200.jpg","type":"image\/jpeg"}],"twitter_card":"summary_large_image","twitter_misc":{"Szacowany czas czytania":"2 minuty"},"schema":{"@context":"https:\/\/schema.org","@graph":[{"@type":"WebPage","@id":"https:\/\/preussen-ringer.de\/pl\/czesto-zadawane-pytania-czesto-zadawane-pytania\/","url":"https:\/\/preussen-ringer.de\/pl\/czesto-zadawane-pytania-czesto-zadawane-pytania\/","name":"Cz\u0119sto zadawane pytania \u2014 cz\u0119sto zadawane pytania - Preussen-Ringer","isPartOf":{"@id":"https:\/\/preussen-ringer.de\/#website"},"datePublished":"2020-08-06T08:14:50+00:00","breadcrumb":{"@id":"https:\/\/preussen-ringer.de\/pl\/czesto-zadawane-pytania-czesto-zadawane-pytania\/#breadcrumb"},"inLanguage":"pl-PL","potentialAction":[{"@type":"ReadAction","target":["https:\/\/preussen-ringer.de\/pl\/czesto-zadawane-pytania-czesto-zadawane-pytania\/"]}]},{"@type":"BreadcrumbList","@id":"https:\/\/preussen-ringer.de\/pl\/czesto-zadawane-pytania-czesto-zadawane-pytania\/#breadcrumb","itemListElement":[{"@type":"ListItem","position":1,"name":"Startseite","item":"https:\/\/preussen-ringer.de\/pl\/"},{"@type":"ListItem","position":2,"name":"Cz\u0119sto zadawane pytania \u2014 cz\u0119sto zadawane pytania"}]},{"@type":"WebSite","@id":"https:\/\/preussen-ringer.de\/#website","url":"https:\/\/preussen-ringer.de\/","name":"Preussen-Ringer","description":"Ringerverein in Berlin Prenzlauer Berg, Pankow, Karow und Hohensch\u00f6nhausen","publisher":{"@id":"https:\/\/preussen-ringer.de\/#organization"},"potentialAction":[{"@type":"SearchAction","target":{"@type":"EntryPoint","urlTemplate":"https:\/\/preussen-ringer.de\/?s={search_term_string}"},"query-input":{"@type":"PropertyValueSpecification","valueRequired":true,"valueName":"search_term_string"}}],"inLanguage":"pl-PL"},{"@type":"Organization","@id":"https:\/\/preussen-ringer.de\/#organization","name":"Preussen-Ringer","url":"https:\/\/preussen-ringer.de\/","logo":{"@type":"ImageObject","inLanguage":"pl-PL","@id":"https:\/\/preussen-ringer.de\/#\/schema\/logo\/image\/","url":"https:\/\/preussen-ringer.de\/wp-content\/uploads\/2020\/06\/Logo_Preussen_Ringer.jpg","contentUrl":"https:\/\/preussen-ringer.de\/wp-content\/uploads\/2020\/06\/Logo_Preussen_Ringer.jpg","width":470,"height":285,"caption":"Preussen-Ringer"},"image":{"@id":"https:\/\/preussen-ringer.de\/#\/schema\/logo\/image\/"},"sameAs":["https:\/\/de-de.facebook.com\/Preussen.Ringer","https:\/\/www.instagram.com\/preussenringer.de\/?hl=de","https:\/\/www.pinterest.de\/preussenringer\/","https:\/\/www.youtube.com\/channel\/UCTnHKC5MOkkcgVV1un8vx3g","https:\/\/de.wikipedia.org\/wiki\/SV_Preu\u00dfen_Berlin"]}]}},"_links":{"self":[{"href":"https:\/\/preussen-ringer.de\/pl\/wp-json\/wp\/v2\/pages\/2785","targetHints":{"allow":["GET"]}}],"collection":[{"href":"https:\/\/preussen-ringer.de\/pl\/wp-json\/wp\/v2\/pages"}],"about":[{"href":"https:\/\/preussen-ringer.de\/pl\/wp-json\/wp\/v2\/types\/page"}],"author":[{"embeddable":true,"href":"https:\/\/preussen-ringer.de\/pl\/wp-json\/wp\/v2\/users\/3"}],"replies":[{"embeddable":true,"href":"https:\/\/preussen-ringer.de\/pl\/wp-json\/wp\/v2\/comments?post=2785"}],"version-history":[{"count":2,"href":"https:\/\/preussen-ringer.de\/pl\/wp-json\/wp\/v2\/pages\/2785\/revisions"}],"predecessor-version":[{"id":2792,"href":"https:\/\/preussen-ringer.de\/pl\/wp-json\/wp\/v2\/pages\/2785\/revisions\/2792"}],"wp:attachment":[{"href":"https:\/\/preussen-ringer.de\/pl\/wp-json\/wp\/v2\/media?parent=2785"}],"curies":[{"name":"wp","href":"https:\/\/api.w.org\/{rel}","templated":true}]}}