{"id":2734,"date":"2020-08-06T10:14:45","date_gmt":"2020-08-06T08:14:45","guid":{"rendered":"https:\/\/preussen-ringer.de\/filozofia-i-cele\/"},"modified":"2020-08-06T10:14:46","modified_gmt":"2020-08-06T08:14:46","slug":"filozofia-i-cele","status":"publish","type":"page","link":"https:\/\/preussen-ringer.de\/pl\/filozofia-i-cele\/","title":{"rendered":"Filozofia i cele"},"content":{"rendered":"<div class=\"wpb-content-wrapper\"><p>[vc_row][vc_column width=&#8221;4\/5&#8243;][vc_column_text]<\/p>\n<h1>Wrestling &#8211; nasza filozofia<\/h1>\n<p>Wrestling jest jedn\u0105 z najstarszych sztuk walki na \u015bwiecie i zosta\u0142 olimpijski od czas\u00f3w staro\u017cytnych. Przy ca\u0142ym wysi\u0142ku fizycznym konieczne jest pokonanie przeciwnika bez \u017cadnych dalszych pomocy. Si\u0142a odgrywa mniej wa\u017cn\u0105 rol\u0119 ni\u017c technika, wytrzyma\u0142o\u015b\u0107, koordynacja i szybko\u015b\u0107. Ka\u017cda walka odbywa si\u0119 zgodnie z surowymi zasadami pod nadzorem s\u0119dziego: bicie i dzia\u0142anie jest zabronione. Ze wzgl\u0119du na te cechy, zapasy z pewno\u015bci\u0105 staje si\u0119 coraz bardziej popularne w\u015br\u00f3d dziewcz\u0105t i m\u0142odych kobiet.<\/p>\n<p>Opr\u00f3cz fizycznego wyzwania, rozw\u00f3j osobisty ka\u017cdego zapa\u015bnika jest na pierwszym planie. W treningach i zawodach sportowcy powinni pozna\u0107 w\u0142asne granice i radzi\u0107 sobie uczciwie i sportowo ze swoimi konkurentami. Powinni nauczy\u0107 si\u0119 radzi\u0107 sobie ze stresem i oczekiwaniami innych, pracowa\u0107 samodzielnie nad sob\u0105 i doskonali\u0107 swoje umiej\u0119tno\u015bci. W konkursach indywidualnych i dru\u017cynowych mog\u0105 udowodni\u0107, \u017ce mog\u0105 dzia\u0142a\u0107 nie tylko jako poszczeg\u00f3lni zawodnicy, ale tak\u017ce jako zesp\u00f3\u0142 i wzi\u0105\u0107 w nim odpowiedzialno\u015b\u0107.[\/vc_column_text][\/vc_column][\/vc_row][vc_row][vc_column][vc_single_image image=&#8221;1357&#8243; img_size=&#8221;medium&#8221;][\/vc_column][\/vc_row][vc_row][vc_column][vc_column_text]<\/p>\n<h1>Cele klubowe<\/h1>\n<p>Celem naszego stowarzyszenia jest wprowadzenie dzieci i m\u0142odzie\u017cy do zmaga\u0144 z przyjemno\u015bci\u0105 oraz zaoferowanie im znacz\u0105cej, wymagaj\u0105cej i zach\u0119caj\u0105cej aktywno\u015bci rekreacyjnej. Dzieci i m\u0142odzi doro\u015bli s\u0105 wspierani w zale\u017cno\u015bci od wieku i umiej\u0119tno\u015bci oraz starannie zintegrowani ze sportem oddolnym i konkurencyjnym. S\u0105 gotowi reprezentowa\u0107 klub w dru\u017cynie m\u0142odzie\u017cowej i m\u0119skiej danej ligi.<\/p>\n<p>&nbsp;<\/p>\n<p>Nasze maluchy ucz\u0105 si\u0119 poprawia\u0107 swoj\u0105 koordynacj\u0119 i kontrol\u0119 nad cia\u0142em poprzez gry i gimnastyk\u0119 i powoli zapoznaj\u0105 si\u0119 z elementami walki. W grupach dla pocz\u0105tkuj\u0105cych ucz\u0105 si\u0119 podstawowych umiej\u0119tno\u015bci i technik wrestlingu. W dziedzinie m\u0142odzie\u017cy i doros\u0142ych szkolenie techniczne jest uzupe\u0142niane elementami sport\u00f3w si\u0142owych. Zdobyte umiej\u0119tno\u015bci s\u0105 testowane i przyznawane poprzez regularny udzia\u0142 w lokalnych i krajowych turniejach i mistrzostwach. Sportowcy o bardzo dobrych umiej\u0119tno\u015bciach s\u0105 specjalnie przygotowani do orientacji na wyniki w szko\u0142ach sportowych.[\/vc_column_text][\/vc_column][\/vc_row]<\/p>\n<\/div>","protected":false},"excerpt":{"rendered":"<p>[vc_row][vc_column width=&#8221;4\/5&#8243;][vc_column_text] Wrestling &#8211; nasza filozofia Wrestling jest jedn\u0105 z najstarszych sztuk walki na \u015bwiecie i zosta\u0142 olimpijski od czas\u00f3w staro\u017cytnych. Przy ca\u0142ym wysi\u0142ku fizycznym konieczne jest pokonanie przeciwnika bez \u017cadnych dalszych pomocy. Si\u0142a odgrywa mniej wa\u017cn\u0105 rol\u0119 ni\u017c technika, wytrzyma\u0142o\u015b\u0107, koordynacja i szybko\u015b\u0107. Ka\u017cda walka odbywa si\u0119 zgodnie z surowymi zasadami pod nadzorem s\u0119dziego:&hellip;<\/p>\n","protected":false},"author":3,"featured_media":0,"parent":0,"menu_order":0,"comment_status":"closed","ping_status":"closed","template":"","meta":{"_acf_changed":false,"footnotes":""},"class_list":["post-2734","page","type-page","status-publish","hentry"],"acf":[],"yoast_head":"<!-- This site is optimized with the Yoast SEO plugin v26.8 - https:\/\/yoast.com\/product\/yoast-seo-wordpress\/ -->\n<title>Filozofia i cele - Preussen-Ringer<\/title>\n<meta name=\"robots\" content=\"index, follow, max-snippet:-1, max-image-preview:large, max-video-preview:-1\" \/>\n<link rel=\"canonical\" href=\"https:\/\/preussen-ringer.de\/pl\/filozofia-i-cele\/\" \/>\n<meta property=\"og:locale\" content=\"pl_PL\" \/>\n<meta property=\"og:type\" content=\"article\" \/>\n<meta property=\"og:title\" content=\"Filozofia i cele - Preussen-Ringer\" \/>\n<meta property=\"og:description\" content=\"[vc_row][vc_column width=&#8221;4\/5&#8243;][vc_column_text] Wrestling &#8211; nasza filozofia Wrestling jest jedn\u0105 z najstarszych sztuk walki na \u015bwiecie i zosta\u0142 olimpijski od czas\u00f3w staro\u017cytnych. Przy ca\u0142ym wysi\u0142ku fizycznym konieczne jest pokonanie przeciwnika bez \u017cadnych dalszych pomocy. Si\u0142a odgrywa mniej wa\u017cn\u0105 rol\u0119 ni\u017c technika, wytrzyma\u0142o\u015b\u0107, koordynacja i szybko\u015b\u0107. Ka\u017cda walka odbywa si\u0119 zgodnie z surowymi zasadami pod nadzorem s\u0119dziego:&hellip;\" \/>\n<meta property=\"og:url\" content=\"https:\/\/preussen-ringer.de\/pl\/filozofia-i-cele\/\" \/>\n<meta property=\"og:site_name\" content=\"Preussen-Ringer\" \/>\n<meta property=\"article:publisher\" content=\"https:\/\/de-de.facebook.com\/Preussen.Ringer\" \/>\n<meta property=\"article:modified_time\" content=\"2020-08-06T08:14:46+00:00\" \/>\n<meta property=\"og:image\" content=\"https:\/\/preussen-ringer.de\/wp-content\/uploads\/2020\/04\/Ringen_Berlin_Wettkampf_1920x1200.jpg\" \/>\n\t<meta property=\"og:image:width\" content=\"1920\" \/>\n\t<meta property=\"og:image:height\" content=\"1280\" \/>\n\t<meta property=\"og:image:type\" content=\"image\/jpeg\" \/>\n<meta name=\"twitter:card\" content=\"summary_large_image\" \/>\n<meta name=\"twitter:label1\" content=\"Szacowany czas czytania\" \/>\n\t<meta name=\"twitter:data1\" content=\"2 minuty\" \/>\n<script type=\"application\/ld+json\" class=\"yoast-schema-graph\">{\"@context\":\"https:\/\/schema.org\",\"@graph\":[{\"@type\":\"WebPage\",\"@id\":\"https:\/\/preussen-ringer.de\/pl\/filozofia-i-cele\/\",\"url\":\"https:\/\/preussen-ringer.de\/pl\/filozofia-i-cele\/\",\"name\":\"Filozofia i cele - Preussen-Ringer\",\"isPartOf\":{\"@id\":\"https:\/\/preussen-ringer.de\/#website\"},\"datePublished\":\"2020-08-06T08:14:45+00:00\",\"dateModified\":\"2020-08-06T08:14:46+00:00\",\"breadcrumb\":{\"@id\":\"https:\/\/preussen-ringer.de\/pl\/filozofia-i-cele\/#breadcrumb\"},\"inLanguage\":\"pl-PL\",\"potentialAction\":[{\"@type\":\"ReadAction\",\"target\":[\"https:\/\/preussen-ringer.de\/pl\/filozofia-i-cele\/\"]}]},{\"@type\":\"BreadcrumbList\",\"@id\":\"https:\/\/preussen-ringer.de\/pl\/filozofia-i-cele\/#breadcrumb\",\"itemListElement\":[{\"@type\":\"ListItem\",\"position\":1,\"name\":\"Startseite\",\"item\":\"https:\/\/preussen-ringer.de\/pl\/\"},{\"@type\":\"ListItem\",\"position\":2,\"name\":\"Filozofia i cele\"}]},{\"@type\":\"WebSite\",\"@id\":\"https:\/\/preussen-ringer.de\/#website\",\"url\":\"https:\/\/preussen-ringer.de\/\",\"name\":\"Preussen-Ringer\",\"description\":\"Ringerverein in Berlin Prenzlauer Berg, Pankow, Karow und Hohensch\u00f6nhausen\",\"publisher\":{\"@id\":\"https:\/\/preussen-ringer.de\/#organization\"},\"potentialAction\":[{\"@type\":\"SearchAction\",\"target\":{\"@type\":\"EntryPoint\",\"urlTemplate\":\"https:\/\/preussen-ringer.de\/?s={search_term_string}\"},\"query-input\":{\"@type\":\"PropertyValueSpecification\",\"valueRequired\":true,\"valueName\":\"search_term_string\"}}],\"inLanguage\":\"pl-PL\"},{\"@type\":\"Organization\",\"@id\":\"https:\/\/preussen-ringer.de\/#organization\",\"name\":\"Preussen-Ringer\",\"url\":\"https:\/\/preussen-ringer.de\/\",\"logo\":{\"@type\":\"ImageObject\",\"inLanguage\":\"pl-PL\",\"@id\":\"https:\/\/preussen-ringer.de\/#\/schema\/logo\/image\/\",\"url\":\"https:\/\/preussen-ringer.de\/wp-content\/uploads\/2020\/06\/Logo_Preussen_Ringer.jpg\",\"contentUrl\":\"https:\/\/preussen-ringer.de\/wp-content\/uploads\/2020\/06\/Logo_Preussen_Ringer.jpg\",\"width\":470,\"height\":285,\"caption\":\"Preussen-Ringer\"},\"image\":{\"@id\":\"https:\/\/preussen-ringer.de\/#\/schema\/logo\/image\/\"},\"sameAs\":[\"https:\/\/de-de.facebook.com\/Preussen.Ringer\",\"https:\/\/www.instagram.com\/preussenringer.de\/?hl=de\",\"https:\/\/www.pinterest.de\/preussenringer\/\",\"https:\/\/www.youtube.com\/channel\/UCTnHKC5MOkkcgVV1un8vx3g\",\"https:\/\/de.wikipedia.org\/wiki\/SV_Preu\u00dfen_Berlin\"]}]}<\/script>\n<!-- \/ Yoast SEO plugin. -->","yoast_head_json":{"title":"Filozofia i cele - Preussen-Ringer","robots":{"index":"index","follow":"follow","max-snippet":"max-snippet:-1","max-image-preview":"max-image-preview:large","max-video-preview":"max-video-preview:-1"},"canonical":"https:\/\/preussen-ringer.de\/pl\/filozofia-i-cele\/","og_locale":"pl_PL","og_type":"article","og_title":"Filozofia i cele - Preussen-Ringer","og_description":"[vc_row][vc_column width=&#8221;4\/5&#8243;][vc_column_text] Wrestling &#8211; nasza filozofia Wrestling jest jedn\u0105 z najstarszych sztuk walki na \u015bwiecie i zosta\u0142 olimpijski od czas\u00f3w staro\u017cytnych. Przy ca\u0142ym wysi\u0142ku fizycznym konieczne jest pokonanie przeciwnika bez \u017cadnych dalszych pomocy. Si\u0142a odgrywa mniej wa\u017cn\u0105 rol\u0119 ni\u017c technika, wytrzyma\u0142o\u015b\u0107, koordynacja i szybko\u015b\u0107. Ka\u017cda walka odbywa si\u0119 zgodnie z surowymi zasadami pod nadzorem s\u0119dziego:&hellip;","og_url":"https:\/\/preussen-ringer.de\/pl\/filozofia-i-cele\/","og_site_name":"Preussen-Ringer","article_publisher":"https:\/\/de-de.facebook.com\/Preussen.Ringer","article_modified_time":"2020-08-06T08:14:46+00:00","og_image":[{"width":1920,"height":1280,"url":"https:\/\/preussen-ringer.de\/wp-content\/uploads\/2020\/04\/Ringen_Berlin_Wettkampf_1920x1200.jpg","type":"image\/jpeg"}],"twitter_card":"summary_large_image","twitter_misc":{"Szacowany czas czytania":"2 minuty"},"schema":{"@context":"https:\/\/schema.org","@graph":[{"@type":"WebPage","@id":"https:\/\/preussen-ringer.de\/pl\/filozofia-i-cele\/","url":"https:\/\/preussen-ringer.de\/pl\/filozofia-i-cele\/","name":"Filozofia i cele - Preussen-Ringer","isPartOf":{"@id":"https:\/\/preussen-ringer.de\/#website"},"datePublished":"2020-08-06T08:14:45+00:00","dateModified":"2020-08-06T08:14:46+00:00","breadcrumb":{"@id":"https:\/\/preussen-ringer.de\/pl\/filozofia-i-cele\/#breadcrumb"},"inLanguage":"pl-PL","potentialAction":[{"@type":"ReadAction","target":["https:\/\/preussen-ringer.de\/pl\/filozofia-i-cele\/"]}]},{"@type":"BreadcrumbList","@id":"https:\/\/preussen-ringer.de\/pl\/filozofia-i-cele\/#breadcrumb","itemListElement":[{"@type":"ListItem","position":1,"name":"Startseite","item":"https:\/\/preussen-ringer.de\/pl\/"},{"@type":"ListItem","position":2,"name":"Filozofia i cele"}]},{"@type":"WebSite","@id":"https:\/\/preussen-ringer.de\/#website","url":"https:\/\/preussen-ringer.de\/","name":"Preussen-Ringer","description":"Ringerverein in Berlin Prenzlauer Berg, Pankow, Karow und Hohensch\u00f6nhausen","publisher":{"@id":"https:\/\/preussen-ringer.de\/#organization"},"potentialAction":[{"@type":"SearchAction","target":{"@type":"EntryPoint","urlTemplate":"https:\/\/preussen-ringer.de\/?s={search_term_string}"},"query-input":{"@type":"PropertyValueSpecification","valueRequired":true,"valueName":"search_term_string"}}],"inLanguage":"pl-PL"},{"@type":"Organization","@id":"https:\/\/preussen-ringer.de\/#organization","name":"Preussen-Ringer","url":"https:\/\/preussen-ringer.de\/","logo":{"@type":"ImageObject","inLanguage":"pl-PL","@id":"https:\/\/preussen-ringer.de\/#\/schema\/logo\/image\/","url":"https:\/\/preussen-ringer.de\/wp-content\/uploads\/2020\/06\/Logo_Preussen_Ringer.jpg","contentUrl":"https:\/\/preussen-ringer.de\/wp-content\/uploads\/2020\/06\/Logo_Preussen_Ringer.jpg","width":470,"height":285,"caption":"Preussen-Ringer"},"image":{"@id":"https:\/\/preussen-ringer.de\/#\/schema\/logo\/image\/"},"sameAs":["https:\/\/de-de.facebook.com\/Preussen.Ringer","https:\/\/www.instagram.com\/preussenringer.de\/?hl=de","https:\/\/www.pinterest.de\/preussenringer\/","https:\/\/www.youtube.com\/channel\/UCTnHKC5MOkkcgVV1un8vx3g","https:\/\/de.wikipedia.org\/wiki\/SV_Preu\u00dfen_Berlin"]}]}},"_links":{"self":[{"href":"https:\/\/preussen-ringer.de\/pl\/wp-json\/wp\/v2\/pages\/2734","targetHints":{"allow":["GET"]}}],"collection":[{"href":"https:\/\/preussen-ringer.de\/pl\/wp-json\/wp\/v2\/pages"}],"about":[{"href":"https:\/\/preussen-ringer.de\/pl\/wp-json\/wp\/v2\/types\/page"}],"author":[{"embeddable":true,"href":"https:\/\/preussen-ringer.de\/pl\/wp-json\/wp\/v2\/users\/3"}],"replies":[{"embeddable":true,"href":"https:\/\/preussen-ringer.de\/pl\/wp-json\/wp\/v2\/comments?post=2734"}],"version-history":[{"count":2,"href":"https:\/\/preussen-ringer.de\/pl\/wp-json\/wp\/v2\/pages\/2734\/revisions"}],"predecessor-version":[{"id":2745,"href":"https:\/\/preussen-ringer.de\/pl\/wp-json\/wp\/v2\/pages\/2734\/revisions\/2745"}],"wp:attachment":[{"href":"https:\/\/preussen-ringer.de\/pl\/wp-json\/wp\/v2\/media?parent=2734"}],"curies":[{"name":"wp","href":"https:\/\/api.w.org\/{rel}","templated":true}]}}