{"id":2697,"date":"2020-08-06T10:14:41","date_gmt":"2020-08-06T08:14:41","guid":{"rendered":"https:\/\/preussen-ringer.de\/dzial-przedstawia-sie\/"},"modified":"2020-08-06T10:14:42","modified_gmt":"2020-08-06T08:14:42","slug":"dzial-przedstawia-sie","status":"publish","type":"page","link":"https:\/\/preussen-ringer.de\/pl\/dzial-przedstawia-sie\/","title":{"rendered":"Dzia\u0142 przedstawia si\u0119"},"content":{"rendered":"<div class=\"wpb-content-wrapper\"><p>[vc_row][vc_column][lab_heading title=&#8221;Dzia\u0142 przedstawia si\u0119&#8221;][\/lab_heading][\/vc_column][\/vc_row][vc_row][vc_column width=&#8221;4\/5&#8243;][vc_column_text]Dzia\u0142 Ringen prowadzony jest wy\u0142\u0105cznie przez wolontariat cz\u0142onk\u00f3w stowarzyszenia w \u015bcis\u0142ej wsp\u00f3\u0142pracy z g\u0142\u00f3wnym stowarzyszeniem SV Preu\u00dfen Berlin e.V. Tylko dzi\u0119ki zaanga\u017cowaniu cz\u0142onk\u00f3w i rodzic\u00f3w m\u0142odych portier\u00f3w mo\u017cna zrealizowa\u0107 cele wydzia\u0142u.<\/p>\n<p>&nbsp;<\/p>\n<h4>Dzia\u0142 Zapas\u00f3w<\/h4>\n<p>Nazwa dzia\u0142u: Preussen-Ringer<\/p>\n<p>Data za\u0142o\u017cenia: 23 marca 1953 r.<\/p>\n<p>Pochodz\u0105cy z SG Dynamo Hohensch\u00f6nhausen, BSG Empor Werner Seelenbinder i Dynamo TZ Robert Uhrig.<\/p>\n<p>Liczba cz\u0142onk\u00f3w: ok. 160, z czego g\u0142\u00f3wnie dzieci i m\u0142odzie\u017c (stan na 2020 r.)<\/p>\n<p>Sporty dzia\u0142owe: zapasy, trening si\u0142owy, siniaki, sport oddolny<\/p>\n<p>&nbsp;<\/p>\n<p>Biuro adresowe: Bernd Propst, Kati Moor<\/p>\n<p>SV Prusy Berlin e.V.<br \/>\nOffice<br \/>\nHansastra\u00dfe 190<br \/>\n13088 Berlin<br \/>\n<a href=\"https:\/\/www.sv-preussen-berlin.de\/\">Strona g\u0142\u00f3wna: SV Preu\u00dfen Berlin e.V.<\/a><\/p>\n<p>&nbsp;<\/p>\n<h4>Kierownik Dzia\u0142u<\/h4>\n<p>Kierownik dzia\u0142u: H. Gensicke<\/p>\n<p>Zast\u0119pca kierownika wydzia\u0142u: S. J. Saul<\/p>\n<p>Oficer m\u0142odzie\u017cowy: W. Gaul, C. K\u00f6hn<\/p>\n<p>Marketing\/Sponsoring: P. Junge<\/p>\n<p>Public relations\/fotograf: S. Reinke<\/p>\n<p>Sekretarz: M. Gensicke<\/p>\n<p>&nbsp;<\/p>\n<h4>Trener<\/h4>\n<p><strong>Baza Karow<\/strong><\/p>\n<p>M. Ringel<br \/>\nR. Reinke<br \/>\nB. Atorf<br \/>\nKs.<\/p>\n<p>&nbsp;<\/p>\n<p><strong>Prenzlauer Berg baza &#8222;Stahlheimer&#8221;<\/strong><\/p>\n<p>W. Galia<br \/>\nC. K\u00f6hn<br \/>\nE. Fraede<br \/>\nH. Gensicke<br \/>\nM. Gensicke<br \/>\nP. Junge<br \/>\nJ. Matzkowski<br \/>\nA. Schreiber<br \/>\nK. Rudnick<br \/>\nS. J. Saul<br \/>\nA. Noori<\/p>\n<p>&nbsp;<\/p>\n<p><strong>Baza Hohensch\u00f6nhausen<\/strong><\/p>\n<p>A. Baldauf<br \/>\nI. Rossade<br \/>\nH. Berndt<\/p>\n<p>&nbsp;<\/p>\n<h4>S\u0119dzi\u00f3w<\/h4>\n<p>Dzieci i m\u0142odzie\u017c: M. Ringel<br \/>\nLicencja pa\u0144stwowa Saksonia: S. J. Saul<br \/>\nS\u0119dziowie m\u0142odsi:<br \/>\nA. Rossade<br \/>\nT. Balldauf<\/p>\n<p>&nbsp;<\/p>\n<h4>Stronie internetowej<\/h4>\n<p>Tekstowy i techniczny projekt strony internetowej: A. Baldauf, H. Gensicke<\/p>\n<p>Tekstowy i graficzny projekt strony internetowej: S. J. Saul, J. Matzkowski, M. Gensicke[\/vc_column_text][\/vc_column][\/vc_row]<\/p>\n<\/div>","protected":false},"excerpt":{"rendered":"<p>[vc_row][vc_column][lab_heading title=&#8221;Dzia\u0142 przedstawia si\u0119&#8221;][\/lab_heading][\/vc_column][\/vc_row][vc_row][vc_column width=&#8221;4\/5&#8243;][vc_column_text]Dzia\u0142 Ringen prowadzony jest wy\u0142\u0105cznie przez wolontariat cz\u0142onk\u00f3w stowarzyszenia w \u015bcis\u0142ej wsp\u00f3\u0142pracy z g\u0142\u00f3wnym stowarzyszeniem SV Preu\u00dfen Berlin e.V. Tylko dzi\u0119ki zaanga\u017cowaniu cz\u0142onk\u00f3w i rodzic\u00f3w m\u0142odych portier\u00f3w mo\u017cna zrealizowa\u0107 cele wydzia\u0142u. &nbsp; Dzia\u0142 Zapas\u00f3w Nazwa dzia\u0142u: Preussen-Ringer Data za\u0142o\u017cenia: 23 marca 1953 r. Pochodz\u0105cy z SG Dynamo Hohensch\u00f6nhausen, BSG Empor Werner&hellip;<\/p>\n","protected":false},"author":1,"featured_media":0,"parent":0,"menu_order":0,"comment_status":"closed","ping_status":"closed","template":"","meta":{"_acf_changed":false,"footnotes":""},"class_list":["post-2697","page","type-page","status-publish","hentry"],"acf":[],"yoast_head":"<!-- This site is optimized with the Yoast SEO plugin v26.8 - https:\/\/yoast.com\/product\/yoast-seo-wordpress\/ -->\n<title>Dzia\u0142 przedstawia si\u0119 - Preussen-Ringer<\/title>\n<meta name=\"robots\" content=\"index, follow, max-snippet:-1, max-image-preview:large, max-video-preview:-1\" \/>\n<link rel=\"canonical\" href=\"https:\/\/preussen-ringer.de\/pl\/dzial-przedstawia-sie\/\" \/>\n<meta property=\"og:locale\" content=\"pl_PL\" \/>\n<meta property=\"og:type\" content=\"article\" \/>\n<meta property=\"og:title\" content=\"Dzia\u0142 przedstawia si\u0119 - Preussen-Ringer\" \/>\n<meta property=\"og:description\" content=\"[vc_row][vc_column][lab_heading title=&#8221;Dzia\u0142 przedstawia si\u0119&#8221;][\/lab_heading][\/vc_column][\/vc_row][vc_row][vc_column width=&#8221;4\/5&#8243;][vc_column_text]Dzia\u0142 Ringen prowadzony jest wy\u0142\u0105cznie przez wolontariat cz\u0142onk\u00f3w stowarzyszenia w \u015bcis\u0142ej wsp\u00f3\u0142pracy z g\u0142\u00f3wnym stowarzyszeniem SV Preu\u00dfen Berlin e.V. Tylko dzi\u0119ki zaanga\u017cowaniu cz\u0142onk\u00f3w i rodzic\u00f3w m\u0142odych portier\u00f3w mo\u017cna zrealizowa\u0107 cele wydzia\u0142u. &nbsp; Dzia\u0142 Zapas\u00f3w Nazwa dzia\u0142u: Preussen-Ringer Data za\u0142o\u017cenia: 23 marca 1953 r. Pochodz\u0105cy z SG Dynamo Hohensch\u00f6nhausen, BSG Empor Werner&hellip;\" \/>\n<meta property=\"og:url\" content=\"https:\/\/preussen-ringer.de\/pl\/dzial-przedstawia-sie\/\" \/>\n<meta property=\"og:site_name\" content=\"Preussen-Ringer\" \/>\n<meta property=\"article:publisher\" content=\"https:\/\/de-de.facebook.com\/Preussen.Ringer\" \/>\n<meta property=\"article:modified_time\" content=\"2020-08-06T08:14:42+00:00\" \/>\n<meta property=\"og:image\" content=\"https:\/\/preussen-ringer.de\/wp-content\/uploads\/2020\/04\/Ringen_Berlin_Wettkampf_1920x1200.jpg\" \/>\n\t<meta property=\"og:image:width\" content=\"1920\" \/>\n\t<meta property=\"og:image:height\" content=\"1280\" \/>\n\t<meta property=\"og:image:type\" content=\"image\/jpeg\" \/>\n<meta name=\"twitter:card\" content=\"summary_large_image\" \/>\n<meta name=\"twitter:label1\" content=\"Szacowany czas czytania\" \/>\n\t<meta name=\"twitter:data1\" content=\"1 minuta\" \/>\n<script type=\"application\/ld+json\" class=\"yoast-schema-graph\">{\"@context\":\"https:\/\/schema.org\",\"@graph\":[{\"@type\":\"WebPage\",\"@id\":\"https:\/\/preussen-ringer.de\/pl\/dzial-przedstawia-sie\/\",\"url\":\"https:\/\/preussen-ringer.de\/pl\/dzial-przedstawia-sie\/\",\"name\":\"Dzia\u0142 przedstawia si\u0119 - Preussen-Ringer\",\"isPartOf\":{\"@id\":\"https:\/\/preussen-ringer.de\/#website\"},\"datePublished\":\"2020-08-06T08:14:41+00:00\",\"dateModified\":\"2020-08-06T08:14:42+00:00\",\"breadcrumb\":{\"@id\":\"https:\/\/preussen-ringer.de\/pl\/dzial-przedstawia-sie\/#breadcrumb\"},\"inLanguage\":\"pl-PL\",\"potentialAction\":[{\"@type\":\"ReadAction\",\"target\":[\"https:\/\/preussen-ringer.de\/pl\/dzial-przedstawia-sie\/\"]}]},{\"@type\":\"BreadcrumbList\",\"@id\":\"https:\/\/preussen-ringer.de\/pl\/dzial-przedstawia-sie\/#breadcrumb\",\"itemListElement\":[{\"@type\":\"ListItem\",\"position\":1,\"name\":\"Startseite\",\"item\":\"https:\/\/preussen-ringer.de\/pl\/\"},{\"@type\":\"ListItem\",\"position\":2,\"name\":\"Dzia\u0142 przedstawia si\u0119\"}]},{\"@type\":\"WebSite\",\"@id\":\"https:\/\/preussen-ringer.de\/#website\",\"url\":\"https:\/\/preussen-ringer.de\/\",\"name\":\"Preussen-Ringer\",\"description\":\"Ringerverein in Berlin Prenzlauer Berg, Pankow, Karow und Hohensch\u00f6nhausen\",\"publisher\":{\"@id\":\"https:\/\/preussen-ringer.de\/#organization\"},\"potentialAction\":[{\"@type\":\"SearchAction\",\"target\":{\"@type\":\"EntryPoint\",\"urlTemplate\":\"https:\/\/preussen-ringer.de\/?s={search_term_string}\"},\"query-input\":{\"@type\":\"PropertyValueSpecification\",\"valueRequired\":true,\"valueName\":\"search_term_string\"}}],\"inLanguage\":\"pl-PL\"},{\"@type\":\"Organization\",\"@id\":\"https:\/\/preussen-ringer.de\/#organization\",\"name\":\"Preussen-Ringer\",\"url\":\"https:\/\/preussen-ringer.de\/\",\"logo\":{\"@type\":\"ImageObject\",\"inLanguage\":\"pl-PL\",\"@id\":\"https:\/\/preussen-ringer.de\/#\/schema\/logo\/image\/\",\"url\":\"https:\/\/preussen-ringer.de\/wp-content\/uploads\/2020\/06\/Logo_Preussen_Ringer.jpg\",\"contentUrl\":\"https:\/\/preussen-ringer.de\/wp-content\/uploads\/2020\/06\/Logo_Preussen_Ringer.jpg\",\"width\":470,\"height\":285,\"caption\":\"Preussen-Ringer\"},\"image\":{\"@id\":\"https:\/\/preussen-ringer.de\/#\/schema\/logo\/image\/\"},\"sameAs\":[\"https:\/\/de-de.facebook.com\/Preussen.Ringer\",\"https:\/\/www.instagram.com\/preussenringer.de\/?hl=de\",\"https:\/\/www.pinterest.de\/preussenringer\/\",\"https:\/\/www.youtube.com\/channel\/UCTnHKC5MOkkcgVV1un8vx3g\",\"https:\/\/de.wikipedia.org\/wiki\/SV_Preu\u00dfen_Berlin\"]}]}<\/script>\n<!-- \/ Yoast SEO plugin. -->","yoast_head_json":{"title":"Dzia\u0142 przedstawia si\u0119 - Preussen-Ringer","robots":{"index":"index","follow":"follow","max-snippet":"max-snippet:-1","max-image-preview":"max-image-preview:large","max-video-preview":"max-video-preview:-1"},"canonical":"https:\/\/preussen-ringer.de\/pl\/dzial-przedstawia-sie\/","og_locale":"pl_PL","og_type":"article","og_title":"Dzia\u0142 przedstawia si\u0119 - Preussen-Ringer","og_description":"[vc_row][vc_column][lab_heading title=&#8221;Dzia\u0142 przedstawia si\u0119&#8221;][\/lab_heading][\/vc_column][\/vc_row][vc_row][vc_column width=&#8221;4\/5&#8243;][vc_column_text]Dzia\u0142 Ringen prowadzony jest wy\u0142\u0105cznie przez wolontariat cz\u0142onk\u00f3w stowarzyszenia w \u015bcis\u0142ej wsp\u00f3\u0142pracy z g\u0142\u00f3wnym stowarzyszeniem SV Preu\u00dfen Berlin e.V. Tylko dzi\u0119ki zaanga\u017cowaniu cz\u0142onk\u00f3w i rodzic\u00f3w m\u0142odych portier\u00f3w mo\u017cna zrealizowa\u0107 cele wydzia\u0142u. &nbsp; Dzia\u0142 Zapas\u00f3w Nazwa dzia\u0142u: Preussen-Ringer Data za\u0142o\u017cenia: 23 marca 1953 r. Pochodz\u0105cy z SG Dynamo Hohensch\u00f6nhausen, BSG Empor Werner&hellip;","og_url":"https:\/\/preussen-ringer.de\/pl\/dzial-przedstawia-sie\/","og_site_name":"Preussen-Ringer","article_publisher":"https:\/\/de-de.facebook.com\/Preussen.Ringer","article_modified_time":"2020-08-06T08:14:42+00:00","og_image":[{"width":1920,"height":1280,"url":"https:\/\/preussen-ringer.de\/wp-content\/uploads\/2020\/04\/Ringen_Berlin_Wettkampf_1920x1200.jpg","type":"image\/jpeg"}],"twitter_card":"summary_large_image","twitter_misc":{"Szacowany czas czytania":"1 minuta"},"schema":{"@context":"https:\/\/schema.org","@graph":[{"@type":"WebPage","@id":"https:\/\/preussen-ringer.de\/pl\/dzial-przedstawia-sie\/","url":"https:\/\/preussen-ringer.de\/pl\/dzial-przedstawia-sie\/","name":"Dzia\u0142 przedstawia si\u0119 - Preussen-Ringer","isPartOf":{"@id":"https:\/\/preussen-ringer.de\/#website"},"datePublished":"2020-08-06T08:14:41+00:00","dateModified":"2020-08-06T08:14:42+00:00","breadcrumb":{"@id":"https:\/\/preussen-ringer.de\/pl\/dzial-przedstawia-sie\/#breadcrumb"},"inLanguage":"pl-PL","potentialAction":[{"@type":"ReadAction","target":["https:\/\/preussen-ringer.de\/pl\/dzial-przedstawia-sie\/"]}]},{"@type":"BreadcrumbList","@id":"https:\/\/preussen-ringer.de\/pl\/dzial-przedstawia-sie\/#breadcrumb","itemListElement":[{"@type":"ListItem","position":1,"name":"Startseite","item":"https:\/\/preussen-ringer.de\/pl\/"},{"@type":"ListItem","position":2,"name":"Dzia\u0142 przedstawia si\u0119"}]},{"@type":"WebSite","@id":"https:\/\/preussen-ringer.de\/#website","url":"https:\/\/preussen-ringer.de\/","name":"Preussen-Ringer","description":"Ringerverein in Berlin Prenzlauer Berg, Pankow, Karow und Hohensch\u00f6nhausen","publisher":{"@id":"https:\/\/preussen-ringer.de\/#organization"},"potentialAction":[{"@type":"SearchAction","target":{"@type":"EntryPoint","urlTemplate":"https:\/\/preussen-ringer.de\/?s={search_term_string}"},"query-input":{"@type":"PropertyValueSpecification","valueRequired":true,"valueName":"search_term_string"}}],"inLanguage":"pl-PL"},{"@type":"Organization","@id":"https:\/\/preussen-ringer.de\/#organization","name":"Preussen-Ringer","url":"https:\/\/preussen-ringer.de\/","logo":{"@type":"ImageObject","inLanguage":"pl-PL","@id":"https:\/\/preussen-ringer.de\/#\/schema\/logo\/image\/","url":"https:\/\/preussen-ringer.de\/wp-content\/uploads\/2020\/06\/Logo_Preussen_Ringer.jpg","contentUrl":"https:\/\/preussen-ringer.de\/wp-content\/uploads\/2020\/06\/Logo_Preussen_Ringer.jpg","width":470,"height":285,"caption":"Preussen-Ringer"},"image":{"@id":"https:\/\/preussen-ringer.de\/#\/schema\/logo\/image\/"},"sameAs":["https:\/\/de-de.facebook.com\/Preussen.Ringer","https:\/\/www.instagram.com\/preussenringer.de\/?hl=de","https:\/\/www.pinterest.de\/preussenringer\/","https:\/\/www.youtube.com\/channel\/UCTnHKC5MOkkcgVV1un8vx3g","https:\/\/de.wikipedia.org\/wiki\/SV_Preu\u00dfen_Berlin"]}]}},"_links":{"self":[{"href":"https:\/\/preussen-ringer.de\/pl\/wp-json\/wp\/v2\/pages\/2697","targetHints":{"allow":["GET"]}}],"collection":[{"href":"https:\/\/preussen-ringer.de\/pl\/wp-json\/wp\/v2\/pages"}],"about":[{"href":"https:\/\/preussen-ringer.de\/pl\/wp-json\/wp\/v2\/types\/page"}],"author":[{"embeddable":true,"href":"https:\/\/preussen-ringer.de\/pl\/wp-json\/wp\/v2\/users\/1"}],"replies":[{"embeddable":true,"href":"https:\/\/preussen-ringer.de\/pl\/wp-json\/wp\/v2\/comments?post=2697"}],"version-history":[{"count":2,"href":"https:\/\/preussen-ringer.de\/pl\/wp-json\/wp\/v2\/pages\/2697\/revisions"}],"predecessor-version":[{"id":2725,"href":"https:\/\/preussen-ringer.de\/pl\/wp-json\/wp\/v2\/pages\/2697\/revisions\/2725"}],"wp:attachment":[{"href":"https:\/\/preussen-ringer.de\/pl\/wp-json\/wp\/v2\/media?parent=2697"}],"curies":[{"name":"wp","href":"https:\/\/api.w.org\/{rel}","templated":true}]}}