{"id":2497,"date":"2020-08-06T10:14:36","date_gmt":"2020-08-06T08:14:36","guid":{"rendered":"https:\/\/preussen-ringer.de\/kontakt\/"},"modified":"2020-08-06T10:14:37","modified_gmt":"2020-08-06T08:14:37","slug":"kontakt","status":"publish","type":"page","link":"https:\/\/preussen-ringer.de\/pl\/kontakt\/","title":{"rendered":"Kontakt"},"content":{"rendered":"<div class=\"wpb-content-wrapper\"><p>[vc_row full_width=&#8221;stretch_row_content_no_spaces&#8221;][vc_column][\/vc_column][\/vc_row][vc_row el_class=&#8221;contact-form&#8221;][vc_column][lab_heading title=&#8221;Skontaktuj si\u0119 z pruskimi zapa\u015bnikami&#8221;]W przypadku wszystkich pyta\u0144 zwi\u0105zanych z dzia\u0142em, skorzystaj z formularza kontaktowego.[\/lab_heading][\/vc_column][\/vc_row][vc_row el_class=&#8221;contact-form&#8221;][vc_column width=&#8221;2\/3&#8243;]\n<div class=\"wpcf7 no-js\" id=\"wpcf7-f2220-o1\" lang=\"de-DE\" dir=\"ltr\" data-wpcf7-id=\"2220\">\n<div class=\"screen-reader-response\"><p role=\"status\" aria-live=\"polite\" aria-atomic=\"true\"><\/p> <ul><\/ul><\/div>\n<form action=\"\/pl\/wp-json\/wp\/v2\/pages\/2497#wpcf7-f2220-o1\" method=\"post\" class=\"wpcf7-form init\" aria-label=\"Kontaktformular\" novalidate=\"novalidate\" data-status=\"init\">\n<fieldset class=\"hidden-fields-container\"><input type=\"hidden\" name=\"_wpcf7\" value=\"2220\" \/><input type=\"hidden\" name=\"_wpcf7_version\" value=\"6.1.5\" \/><input type=\"hidden\" name=\"_wpcf7_locale\" value=\"de_DE\" \/><input type=\"hidden\" name=\"_wpcf7_unit_tag\" value=\"wpcf7-f2220-o1\" \/><input type=\"hidden\" name=\"_wpcf7_container_post\" value=\"0\" \/><input type=\"hidden\" name=\"_wpcf7_posted_data_hash\" value=\"\" \/>\n<\/fieldset>\n<p><label>Name: <span class=\"wpcf7-form-control-wrap\" data-name=\"your-name\"><input size=\"40\" maxlength=\"400\" class=\"wpcf7-form-control wpcf7-text wpcf7-validates-as-required\" aria-required=\"true\" aria-invalid=\"false\" value=\"\" type=\"text\" name=\"your-name\" \/><\/span><\/label>\n<\/p>\n<p><label>E-Mail: <span class=\"wpcf7-form-control-wrap\" data-name=\"your-email\"><input size=\"40\" maxlength=\"400\" class=\"wpcf7-form-control wpcf7-email wpcf7-validates-as-required wpcf7-text wpcf7-validates-as-email\" aria-required=\"true\" aria-invalid=\"false\" value=\"\" type=\"email\" name=\"your-email\" \/><\/span><\/label>\n<\/p>\n<p><label>Trainingsst\u00fctzpunkt: <span class=\"wpcf7-form-control-wrap\" data-name=\"trainingsort\"><select class=\"wpcf7-form-control wpcf7-select\" aria-invalid=\"false\" name=\"trainingsort\"><option value=\"\">&#8211; Bitte ausw\u00e4hlen &#8211;<\/option><option value=\"Prenzlauer Berg\">Prenzlauer Berg<\/option><option value=\"Hohensch\u00f6nhausen\">Hohensch\u00f6nhausen<\/option><option value=\"Karow\">Karow<\/option><option value=\"Wartenberg\">Wartenberg<\/option><\/select><\/span><\/label>\n<\/p>\n<p><label>Trainingsgruppe: <span class=\"wpcf7-form-control-wrap\" data-name=\"trainingsgruppe\"><select class=\"wpcf7-form-control wpcf7-select\" aria-invalid=\"false\" name=\"trainingsgruppe\"><option value=\"\">&#8211; Bitte ausw\u00e4hlen &#8211;<\/option><option value=\"Mattenfl\u00f6he \u2013 Kindersport f\u00fcr die Kleinsten (3-5 Jahre)\">Mattenfl\u00f6he \u2013 Kindersport f\u00fcr die Kleinsten (3-5 Jahre)<\/option><option value=\"Ringen f\u00fcr Kinder (ab 8 Jahren)\">Ringen f\u00fcr Kinder (ab 8 Jahren)<\/option><option value=\"Kinderringen (Fortgeschrittene)\">Kinderringen (Fortgeschrittene)<\/option><option value=\"Junioren- und M\u00e4nnertraining\">Junioren- und M\u00e4nnertraining<\/option><option value=\"Frauentraining\">Frauentraining<\/option><option value=\"Freizeitsport \u2013 M\u00e4nner\">Freizeitsport \u2013 M\u00e4nner<\/option><\/select><\/span><\/label>\n<\/p>\n<p><label>Nachricht: <span class=\"wpcf7-form-control-wrap\" data-name=\"your-message\"><textarea cols=\"40\" rows=\"10\" maxlength=\"2000\" class=\"wpcf7-form-control wpcf7-textarea wpcf7-validates-as-required\" aria-required=\"true\" aria-invalid=\"false\" name=\"your-message\"><\/textarea><\/span><\/label>\n<\/p>\n<p><input class=\"wpcf7-form-control wpcf7-submit has-spinner\" type=\"submit\" value=\"Absenden\" \/>\n<\/p><p style=\"display: none !important;\" class=\"akismet-fields-container\" data-prefix=\"_wpcf7_ak_\"><label>&#916;<textarea name=\"_wpcf7_ak_hp_textarea\" cols=\"45\" rows=\"8\" maxlength=\"100\"><\/textarea><\/label><input type=\"hidden\" id=\"ak_js_1\" name=\"_wpcf7_ak_js\" value=\"80\"\/><script>document.getElementById( \"ak_js_1\" ).setAttribute( \"value\", ( new Date() ).getTime() );<\/script><\/p><div class=\"wpcf7-response-output\" aria-hidden=\"true\"><\/div>\n<\/form>\n<\/div>\n[\/vc_column][vc_column width=&#8221;1\/3&#8243;][vc_column_text]<strong>Telefon<\/strong><\/p>\n<p><a href=\"tel:%200179%203970238\">01793970238<\/a><\/p>\n<p><strong>Wiadomo\u015bci e\u2011mail <\/strong><\/p>\n<p><a href=\"mailto:kontakt@preussen-ringer.de?Subject=Kontaktanfrage\">kontakt@preussen-ringer.de<\/a><\/p>\n<p>&nbsp;<\/p>\n<p><ul class=\"social-networks rounded\"><li><a href=\"https:\/\/www.facebook.com\/Preussen.Ringer\" target=\"_blank\" class=\"facebook\" title=\"Facebook\" aria-label=\"Facebook\" rel=\"noopener\"><i class=\"fab fa-facebook\"><\/i><span class=\"name\">Facebook<\/span><\/a><\/li><li><a href=\"https:\/\/www.instagram.com\/preussenringer.de\" target=\"_blank\" class=\"instagram\" title=\"Instagram\" aria-label=\"Instagram\" rel=\"noopener\"><i class=\"fab fa-instagram\"><\/i><span class=\"name\">Instagram<\/span><\/a><\/li><li><a href=\"https:\/\/www.youtube.com\/channel\/UCTnHKC5MOkkcgVV1un8vx3g\" target=\"_blank\" class=\"youtube\" title=\"YouTube\" aria-label=\"YouTube\" rel=\"noopener\"><i class=\"fab fa-youtube\"><\/i><span class=\"name\">YouTube<\/span><\/a><\/li><\/ul>[\/vc_column_text][\/vc_column][\/vc_row]<\/p>\n<\/div>","protected":false},"excerpt":{"rendered":"<p>[vc_row full_width=&#8221;stretch_row_content_no_spaces&#8221;][vc_column][\/vc_column][\/vc_row][vc_row el_class=&#8221;contact-form&#8221;][vc_column][lab_heading title=&#8221;Skontaktuj si\u0119 z pruskimi zapa\u015bnikami&#8221;]W przypadku wszystkich pyta\u0144 zwi\u0105zanych z dzia\u0142em, skorzystaj z formularza kontaktowego.[\/lab_heading][\/vc_column][\/vc_row][vc_row el_class=&#8221;contact-form&#8221;][vc_column width=&#8221;2\/3&#8243;][\/vc_column][vc_column width=&#8221;1\/3&#8243;][vc_column_text]Telefon 01793970238 Wiadomo\u015bci e\u2011mail kontakt@preussen-ringer.de &nbsp; [\/vc_column_text][\/vc_column][\/vc_row]<\/p>\n","protected":false},"author":1,"featured_media":0,"parent":0,"menu_order":0,"comment_status":"closed","ping_status":"closed","template":"","meta":{"_acf_changed":false,"footnotes":""},"class_list":["post-2497","page","type-page","status-publish","hentry"],"acf":[],"yoast_head":"<!-- This site is optimized with the Yoast SEO plugin v26.8 - https:\/\/yoast.com\/product\/yoast-seo-wordpress\/ -->\n<title>Kontakt - Preussen-Ringer<\/title>\n<meta name=\"robots\" content=\"index, follow, max-snippet:-1, max-image-preview:large, max-video-preview:-1\" \/>\n<link rel=\"canonical\" href=\"https:\/\/preussen-ringer.de\/pl\/kontakt\/\" \/>\n<meta property=\"og:locale\" content=\"pl_PL\" \/>\n<meta property=\"og:type\" content=\"article\" \/>\n<meta property=\"og:title\" content=\"Kontakt - Preussen-Ringer\" \/>\n<meta property=\"og:description\" content=\"[vc_row full_width=&#8221;stretch_row_content_no_spaces&#8221;][vc_column][\/vc_column][\/vc_row][vc_row el_class=&#8221;contact-form&#8221;][vc_column][lab_heading title=&#8221;Skontaktuj si\u0119 z pruskimi zapa\u015bnikami&#8221;]W przypadku wszystkich pyta\u0144 zwi\u0105zanych z dzia\u0142em, skorzystaj z formularza kontaktowego.[\/lab_heading][\/vc_column][\/vc_row][vc_row el_class=&#8221;contact-form&#8221;][vc_column width=&#8221;2\/3&#8243;][\/vc_column][vc_column width=&#8221;1\/3&#8243;][vc_column_text]Telefon 01793970238 Wiadomo\u015bci e\u2011mail kontakt@preussen-ringer.de &nbsp; [\/vc_column_text][\/vc_column][\/vc_row]\" \/>\n<meta property=\"og:url\" content=\"https:\/\/preussen-ringer.de\/pl\/kontakt\/\" \/>\n<meta property=\"og:site_name\" content=\"Preussen-Ringer\" \/>\n<meta property=\"article:publisher\" content=\"https:\/\/de-de.facebook.com\/Preussen.Ringer\" \/>\n<meta property=\"article:modified_time\" content=\"2020-08-06T08:14:37+00:00\" \/>\n<meta property=\"og:image\" content=\"https:\/\/preussen-ringer.de\/wp-content\/uploads\/2020\/04\/Ringen_Berlin_Wettkampf_1920x1200.jpg\" \/>\n\t<meta property=\"og:image:width\" content=\"1920\" \/>\n\t<meta property=\"og:image:height\" content=\"1280\" \/>\n\t<meta property=\"og:image:type\" content=\"image\/jpeg\" \/>\n<meta name=\"twitter:card\" content=\"summary_large_image\" \/>\n<script type=\"application\/ld+json\" class=\"yoast-schema-graph\">{\"@context\":\"https:\/\/schema.org\",\"@graph\":[{\"@type\":\"WebPage\",\"@id\":\"https:\/\/preussen-ringer.de\/pl\/kontakt\/\",\"url\":\"https:\/\/preussen-ringer.de\/pl\/kontakt\/\",\"name\":\"Kontakt - Preussen-Ringer\",\"isPartOf\":{\"@id\":\"https:\/\/preussen-ringer.de\/#website\"},\"datePublished\":\"2020-08-06T08:14:36+00:00\",\"dateModified\":\"2020-08-06T08:14:37+00:00\",\"breadcrumb\":{\"@id\":\"https:\/\/preussen-ringer.de\/pl\/kontakt\/#breadcrumb\"},\"inLanguage\":\"pl-PL\",\"potentialAction\":[{\"@type\":\"ReadAction\",\"target\":[\"https:\/\/preussen-ringer.de\/pl\/kontakt\/\"]}]},{\"@type\":\"BreadcrumbList\",\"@id\":\"https:\/\/preussen-ringer.de\/pl\/kontakt\/#breadcrumb\",\"itemListElement\":[{\"@type\":\"ListItem\",\"position\":1,\"name\":\"Startseite\",\"item\":\"https:\/\/preussen-ringer.de\/pl\/\"},{\"@type\":\"ListItem\",\"position\":2,\"name\":\"Kontakt\"}]},{\"@type\":\"WebSite\",\"@id\":\"https:\/\/preussen-ringer.de\/#website\",\"url\":\"https:\/\/preussen-ringer.de\/\",\"name\":\"Preussen-Ringer\",\"description\":\"Ringerverein in Berlin Prenzlauer Berg, Pankow, Karow und Hohensch\u00f6nhausen\",\"publisher\":{\"@id\":\"https:\/\/preussen-ringer.de\/#organization\"},\"potentialAction\":[{\"@type\":\"SearchAction\",\"target\":{\"@type\":\"EntryPoint\",\"urlTemplate\":\"https:\/\/preussen-ringer.de\/?s={search_term_string}\"},\"query-input\":{\"@type\":\"PropertyValueSpecification\",\"valueRequired\":true,\"valueName\":\"search_term_string\"}}],\"inLanguage\":\"pl-PL\"},{\"@type\":\"Organization\",\"@id\":\"https:\/\/preussen-ringer.de\/#organization\",\"name\":\"Preussen-Ringer\",\"url\":\"https:\/\/preussen-ringer.de\/\",\"logo\":{\"@type\":\"ImageObject\",\"inLanguage\":\"pl-PL\",\"@id\":\"https:\/\/preussen-ringer.de\/#\/schema\/logo\/image\/\",\"url\":\"https:\/\/preussen-ringer.de\/wp-content\/uploads\/2020\/06\/Logo_Preussen_Ringer.jpg\",\"contentUrl\":\"https:\/\/preussen-ringer.de\/wp-content\/uploads\/2020\/06\/Logo_Preussen_Ringer.jpg\",\"width\":470,\"height\":285,\"caption\":\"Preussen-Ringer\"},\"image\":{\"@id\":\"https:\/\/preussen-ringer.de\/#\/schema\/logo\/image\/\"},\"sameAs\":[\"https:\/\/de-de.facebook.com\/Preussen.Ringer\",\"https:\/\/www.instagram.com\/preussenringer.de\/?hl=de\",\"https:\/\/www.pinterest.de\/preussenringer\/\",\"https:\/\/www.youtube.com\/channel\/UCTnHKC5MOkkcgVV1un8vx3g\",\"https:\/\/de.wikipedia.org\/wiki\/SV_Preu\u00dfen_Berlin\"]}]}<\/script>\n<!-- \/ Yoast SEO plugin. -->","yoast_head_json":{"title":"Kontakt - Preussen-Ringer","robots":{"index":"index","follow":"follow","max-snippet":"max-snippet:-1","max-image-preview":"max-image-preview:large","max-video-preview":"max-video-preview:-1"},"canonical":"https:\/\/preussen-ringer.de\/pl\/kontakt\/","og_locale":"pl_PL","og_type":"article","og_title":"Kontakt - Preussen-Ringer","og_description":"[vc_row full_width=&#8221;stretch_row_content_no_spaces&#8221;][vc_column][\/vc_column][\/vc_row][vc_row el_class=&#8221;contact-form&#8221;][vc_column][lab_heading title=&#8221;Skontaktuj si\u0119 z pruskimi zapa\u015bnikami&#8221;]W przypadku wszystkich pyta\u0144 zwi\u0105zanych z dzia\u0142em, skorzystaj z formularza kontaktowego.[\/lab_heading][\/vc_column][\/vc_row][vc_row el_class=&#8221;contact-form&#8221;][vc_column width=&#8221;2\/3&#8243;][\/vc_column][vc_column width=&#8221;1\/3&#8243;][vc_column_text]Telefon 01793970238 Wiadomo\u015bci e\u2011mail kontakt@preussen-ringer.de &nbsp; [\/vc_column_text][\/vc_column][\/vc_row]","og_url":"https:\/\/preussen-ringer.de\/pl\/kontakt\/","og_site_name":"Preussen-Ringer","article_publisher":"https:\/\/de-de.facebook.com\/Preussen.Ringer","article_modified_time":"2020-08-06T08:14:37+00:00","og_image":[{"width":1920,"height":1280,"url":"https:\/\/preussen-ringer.de\/wp-content\/uploads\/2020\/04\/Ringen_Berlin_Wettkampf_1920x1200.jpg","type":"image\/jpeg"}],"twitter_card":"summary_large_image","schema":{"@context":"https:\/\/schema.org","@graph":[{"@type":"WebPage","@id":"https:\/\/preussen-ringer.de\/pl\/kontakt\/","url":"https:\/\/preussen-ringer.de\/pl\/kontakt\/","name":"Kontakt - Preussen-Ringer","isPartOf":{"@id":"https:\/\/preussen-ringer.de\/#website"},"datePublished":"2020-08-06T08:14:36+00:00","dateModified":"2020-08-06T08:14:37+00:00","breadcrumb":{"@id":"https:\/\/preussen-ringer.de\/pl\/kontakt\/#breadcrumb"},"inLanguage":"pl-PL","potentialAction":[{"@type":"ReadAction","target":["https:\/\/preussen-ringer.de\/pl\/kontakt\/"]}]},{"@type":"BreadcrumbList","@id":"https:\/\/preussen-ringer.de\/pl\/kontakt\/#breadcrumb","itemListElement":[{"@type":"ListItem","position":1,"name":"Startseite","item":"https:\/\/preussen-ringer.de\/pl\/"},{"@type":"ListItem","position":2,"name":"Kontakt"}]},{"@type":"WebSite","@id":"https:\/\/preussen-ringer.de\/#website","url":"https:\/\/preussen-ringer.de\/","name":"Preussen-Ringer","description":"Ringerverein in Berlin Prenzlauer Berg, Pankow, Karow und Hohensch\u00f6nhausen","publisher":{"@id":"https:\/\/preussen-ringer.de\/#organization"},"potentialAction":[{"@type":"SearchAction","target":{"@type":"EntryPoint","urlTemplate":"https:\/\/preussen-ringer.de\/?s={search_term_string}"},"query-input":{"@type":"PropertyValueSpecification","valueRequired":true,"valueName":"search_term_string"}}],"inLanguage":"pl-PL"},{"@type":"Organization","@id":"https:\/\/preussen-ringer.de\/#organization","name":"Preussen-Ringer","url":"https:\/\/preussen-ringer.de\/","logo":{"@type":"ImageObject","inLanguage":"pl-PL","@id":"https:\/\/preussen-ringer.de\/#\/schema\/logo\/image\/","url":"https:\/\/preussen-ringer.de\/wp-content\/uploads\/2020\/06\/Logo_Preussen_Ringer.jpg","contentUrl":"https:\/\/preussen-ringer.de\/wp-content\/uploads\/2020\/06\/Logo_Preussen_Ringer.jpg","width":470,"height":285,"caption":"Preussen-Ringer"},"image":{"@id":"https:\/\/preussen-ringer.de\/#\/schema\/logo\/image\/"},"sameAs":["https:\/\/de-de.facebook.com\/Preussen.Ringer","https:\/\/www.instagram.com\/preussenringer.de\/?hl=de","https:\/\/www.pinterest.de\/preussenringer\/","https:\/\/www.youtube.com\/channel\/UCTnHKC5MOkkcgVV1un8vx3g","https:\/\/de.wikipedia.org\/wiki\/SV_Preu\u00dfen_Berlin"]}]}},"_links":{"self":[{"href":"https:\/\/preussen-ringer.de\/pl\/wp-json\/wp\/v2\/pages\/2497","targetHints":{"allow":["GET"]}}],"collection":[{"href":"https:\/\/preussen-ringer.de\/pl\/wp-json\/wp\/v2\/pages"}],"about":[{"href":"https:\/\/preussen-ringer.de\/pl\/wp-json\/wp\/v2\/types\/page"}],"author":[{"embeddable":true,"href":"https:\/\/preussen-ringer.de\/pl\/wp-json\/wp\/v2\/users\/1"}],"replies":[{"embeddable":true,"href":"https:\/\/preussen-ringer.de\/pl\/wp-json\/wp\/v2\/comments?post=2497"}],"version-history":[{"count":2,"href":"https:\/\/preussen-ringer.de\/pl\/wp-json\/wp\/v2\/pages\/2497\/revisions"}],"predecessor-version":[{"id":2509,"href":"https:\/\/preussen-ringer.de\/pl\/wp-json\/wp\/v2\/pages\/2497\/revisions\/2509"}],"wp:attachment":[{"href":"https:\/\/preussen-ringer.de\/pl\/wp-json\/wp\/v2\/media?parent=2497"}],"curies":[{"name":"wp","href":"https:\/\/api.w.org\/{rel}","templated":true}]}}