{"id":2791,"date":"2020-08-06T10:14:50","date_gmt":"2020-08-06T08:14:50","guid":{"rendered":"https:\/\/preussen-ringer.de\/liens-de-lutte\/"},"modified":"2020-08-06T10:14:51","modified_gmt":"2020-08-06T08:14:51","slug":"liens-de-lutte","status":"publish","type":"page","link":"https:\/\/preussen-ringer.de\/fr\/liens-de-lutte\/","title":{"rendered":"Liens de lutte"},"content":{"rendered":"<div class=\"wpb-content-wrapper\"><p>[vc_row][vc_column][vc_column_text]<\/p>\n<h1><\/h1>\n<h3>Liens g\u00e9n\u00e9raux ou clubs sportifs en Allemagne<\/h3>\n<table style=\"border-collapse: separate;border-spacing: 10px;border: none\">\n<tbody>\n<tr>\n<td><a href=\"http:\/\/www.ringen.de\" target=\"_blank\" rel=\"noopener noreferrer\">www.ringen.de<\/a><\/td>\n<td>Page officielle de la F\u00e9d\u00e9ration allemande des lutteurs<\/td>\n<\/tr>\n<tr>\n<td><a href=\"http:\/\/www.berliner-ringerverband.de\" target=\"_blank\" rel=\"noopener noreferrer\">www.berliner-ringerverband.de<\/a><\/td>\n<td>Page de l\u2019Association des lutteurs de Berlin<\/td>\n<\/tr>\n<tr>\n<td><a href=\"http:\/\/www.liga-db.de\" target=\"_blank\" rel=\"noopener noreferrer\">www.liga-db.de<\/a><\/td>\n<td>Ringer-Liga base de donn\u00e9es avec de nombreux r\u00e9sultats et dates actuelles<\/td>\n<\/tr>\n<tr>\n<td><a href=\"http:\/\/www.ringertreff.de\" target=\"_blank\" rel=\"noopener noreferrer\">www.ringertreff.de<\/a><\/td>\n<td>Page avec de nombreuses contributions actuelles d\u2019Andreas Wolfert d\u2019Aalen<\/td>\n<\/tr>\n<tr>\n<td><a href=\"http:\/\/www.olympic.org\" target=\"_blank\" rel=\"noopener noreferrer\">www.olympic.org<\/a><\/td>\n<td>Site web des Jeux olympiques<\/td>\n<\/tr>\n<tr>\n<td><a href=\"http:\/\/www.dosb.de\" target=\"_blank\" rel=\"noopener noreferrer\">www.dosb.de<\/a><\/td>\n<td>F\u00e9d\u00e9ration allemande des sports olympiques<\/td>\n<\/tr>\n<tr>\n<td><a href=\"http:\/\/www.sv-preussen-berlin.de\" target=\"_blank\" rel=\"noopener noreferrer\">www.sv-preussen-berlin.de<\/a><\/td>\n<td>La page de notre club principal<\/td>\n<\/tr>\n<\/tbody>\n<\/table>\n<p>&nbsp;<\/p>\n<h3>Clubs de sport et de lutte \u00e0 Berlin<\/h3>\n<table style=\"border-collapse: separate;border-spacing: 10px;border: none\">\n<tbody>\n<tr>\n<td><a href=\"http:\/\/www.luftfahrt-ringen.de\" target=\"_blank\" rel=\"noopener noreferrer\">www.luftfahrt-ringen.de<\/a><\/td>\n<td>Le SV Luftfahrt Ringen est l\u2019association de coop\u00e9ration des lutteurs prussiens. La 1re \u00e9quipe est en 1re division depuis 2010.<\/td>\n<\/tr>\n<tr>\n<td><a href=\"http:\/\/www.ringen-berlin.de\" target=\"_blank\" rel=\"noopener noreferrer\">www.ringen-berlin.de<\/a><\/td>\n<td>La division lutte du VFL Tegel 1891.<\/td>\n<\/tr>\n<tr>\n<td><a href=\"http:\/\/www.ringen-in-hellersdorf.de\" target=\"_blank\" rel=\"noopener noreferrer\">www.ringen-in-hellersdorf.de<\/a><\/td>\n<td>Le TUS Hellersdorf offre un entra\u00eenement de lutte dans le nord-est de Berlin.<\/td>\n<\/tr>\n<tr>\n<td><a href=\"http:\/\/www.berliner-ringer.de\" target=\"_blank\" rel=\"noopener noreferrer\">www.berliner-ringer.de<\/a><\/td>\n<td>En coop\u00e9ration avec le SC Berolina 03, les \u00ab&nbsp;Einsteiger Berlin&nbsp;\u00bb offrent une formation de lutte pour tout le monde.<\/td>\n<\/tr>\n<\/tbody>\n<\/table>\n<p>&nbsp;<\/p>\n<h3>Clubs dans le Brandebourg<\/h3>\n<table style=\"border-collapse: separate;border-spacing: 10px;border: none\">\n<tbody>\n<tr>\n<td><a href=\"http:\/\/www.1lsc.de\" target=\"_blank\" rel=\"noopener noreferrer\">www.1lsc.de<\/a><\/td>\n<td>Le 1er Luckenwalder Sportclub est le club le plus grand et le plus r\u00e9ussi du Brandebourg. La 1re \u00e9quipe depuis 1990 dans la 1\u00e8re Ligue f\u00e9d\u00e9rale.<\/td>\n<\/tr>\n<tr>\n<td><a href=\"http:\/\/www.rcg-potsdam.de\" target=\"_blank\" rel=\"noopener noreferrer\">www.rcg-potsdam.de<\/a><\/td>\n<td>\u00ab&nbsp;Postdams Forts Types&nbsp;\u00bb du RC Germania Potsdam<\/td>\n<\/tr>\n<tr>\n<td><a href=\"http:\/\/www.hennigsdorfer-ringerverein.de\" target=\"_blank\" rel=\"noopener noreferrer\">www.hennigsdorfer-ringerverein.de<\/a><\/td>\n<td>Brandenburger Ringerverein de Henningsdorf<\/td>\n<\/tr>\n<\/tbody>\n<\/table>\n<p>[\/vc_column_text][\/vc_column][\/vc_row]<\/p>\n<\/div>","protected":false},"excerpt":{"rendered":"<p>[vc_row][vc_column][vc_column_text] Liens g\u00e9n\u00e9raux ou clubs sportifs en Allemagne www.ringen.de Page officielle de la F\u00e9d\u00e9ration allemande des lutteurs www.berliner-ringerverband.de Page de l\u2019Association des lutteurs de Berlin www.liga-db.de Ringer-Liga base de donn\u00e9es avec de nombreux r\u00e9sultats et dates actuelles www.ringertreff.de Page avec de nombreuses contributions actuelles d\u2019Andreas Wolfert d\u2019Aalen www.olympic.org Site web des Jeux olympiques www.dosb.de F\u00e9d\u00e9ration&hellip;<\/p>\n","protected":false},"author":7,"featured_media":0,"parent":0,"menu_order":0,"comment_status":"closed","ping_status":"closed","template":"","meta":{"_acf_changed":false,"footnotes":""},"class_list":["post-2791","page","type-page","status-publish","hentry"],"acf":[],"yoast_head":"<!-- This site is optimized with the Yoast SEO plugin v26.8 - https:\/\/yoast.com\/product\/yoast-seo-wordpress\/ -->\n<title>Liens de lutte - Preussen-Ringer<\/title>\n<meta name=\"robots\" content=\"index, follow, max-snippet:-1, max-image-preview:large, max-video-preview:-1\" \/>\n<link rel=\"canonical\" href=\"https:\/\/preussen-ringer.de\/fr\/liens-de-lutte\/\" \/>\n<meta property=\"og:locale\" content=\"fr_FR\" \/>\n<meta property=\"og:type\" content=\"article\" \/>\n<meta property=\"og:title\" content=\"Liens de lutte - Preussen-Ringer\" \/>\n<meta property=\"og:description\" content=\"[vc_row][vc_column][vc_column_text] Liens g\u00e9n\u00e9raux ou clubs sportifs en Allemagne www.ringen.de Page officielle de la F\u00e9d\u00e9ration allemande des lutteurs www.berliner-ringerverband.de Page de l\u2019Association des lutteurs de Berlin www.liga-db.de Ringer-Liga base de donn\u00e9es avec de nombreux r\u00e9sultats et dates actuelles www.ringertreff.de Page avec de nombreuses contributions actuelles d\u2019Andreas Wolfert d\u2019Aalen www.olympic.org Site web des Jeux olympiques www.dosb.de F\u00e9d\u00e9ration&hellip;\" \/>\n<meta property=\"og:url\" content=\"https:\/\/preussen-ringer.de\/fr\/liens-de-lutte\/\" \/>\n<meta property=\"og:site_name\" content=\"Preussen-Ringer\" \/>\n<meta property=\"article:publisher\" content=\"https:\/\/de-de.facebook.com\/Preussen.Ringer\" \/>\n<meta property=\"article:modified_time\" content=\"2020-08-06T08:14:51+00:00\" \/>\n<meta property=\"og:image\" content=\"https:\/\/preussen-ringer.de\/wp-content\/uploads\/2020\/04\/Ringen_Berlin_Wettkampf_1920x1200.jpg\" \/>\n\t<meta property=\"og:image:width\" content=\"1920\" \/>\n\t<meta property=\"og:image:height\" content=\"1280\" \/>\n\t<meta property=\"og:image:type\" content=\"image\/jpeg\" \/>\n<meta name=\"twitter:card\" content=\"summary_large_image\" \/>\n<meta name=\"twitter:label1\" content=\"Dur\u00e9e de lecture estim\u00e9e\" \/>\n\t<meta name=\"twitter:data1\" content=\"1 minute\" \/>\n<script type=\"application\/ld+json\" class=\"yoast-schema-graph\">{\"@context\":\"https:\/\/schema.org\",\"@graph\":[{\"@type\":\"WebPage\",\"@id\":\"https:\/\/preussen-ringer.de\/fr\/liens-de-lutte\/\",\"url\":\"https:\/\/preussen-ringer.de\/fr\/liens-de-lutte\/\",\"name\":\"Liens de lutte - Preussen-Ringer\",\"isPartOf\":{\"@id\":\"https:\/\/preussen-ringer.de\/#website\"},\"datePublished\":\"2020-08-06T08:14:50+00:00\",\"dateModified\":\"2020-08-06T08:14:51+00:00\",\"breadcrumb\":{\"@id\":\"https:\/\/preussen-ringer.de\/fr\/liens-de-lutte\/#breadcrumb\"},\"inLanguage\":\"fr-FR\",\"potentialAction\":[{\"@type\":\"ReadAction\",\"target\":[\"https:\/\/preussen-ringer.de\/fr\/liens-de-lutte\/\"]}]},{\"@type\":\"BreadcrumbList\",\"@id\":\"https:\/\/preussen-ringer.de\/fr\/liens-de-lutte\/#breadcrumb\",\"itemListElement\":[{\"@type\":\"ListItem\",\"position\":1,\"name\":\"Startseite\",\"item\":\"https:\/\/preussen-ringer.de\/fr\/\"},{\"@type\":\"ListItem\",\"position\":2,\"name\":\"Liens de lutte\"}]},{\"@type\":\"WebSite\",\"@id\":\"https:\/\/preussen-ringer.de\/#website\",\"url\":\"https:\/\/preussen-ringer.de\/\",\"name\":\"Preussen-Ringer\",\"description\":\"Ringerverein in Berlin Prenzlauer Berg, Pankow, Karow und Hohensch\u00f6nhausen\",\"publisher\":{\"@id\":\"https:\/\/preussen-ringer.de\/#organization\"},\"potentialAction\":[{\"@type\":\"SearchAction\",\"target\":{\"@type\":\"EntryPoint\",\"urlTemplate\":\"https:\/\/preussen-ringer.de\/?s={search_term_string}\"},\"query-input\":{\"@type\":\"PropertyValueSpecification\",\"valueRequired\":true,\"valueName\":\"search_term_string\"}}],\"inLanguage\":\"fr-FR\"},{\"@type\":\"Organization\",\"@id\":\"https:\/\/preussen-ringer.de\/#organization\",\"name\":\"Preussen-Ringer\",\"url\":\"https:\/\/preussen-ringer.de\/\",\"logo\":{\"@type\":\"ImageObject\",\"inLanguage\":\"fr-FR\",\"@id\":\"https:\/\/preussen-ringer.de\/#\/schema\/logo\/image\/\",\"url\":\"https:\/\/preussen-ringer.de\/wp-content\/uploads\/2020\/06\/Logo_Preussen_Ringer.jpg\",\"contentUrl\":\"https:\/\/preussen-ringer.de\/wp-content\/uploads\/2020\/06\/Logo_Preussen_Ringer.jpg\",\"width\":470,\"height\":285,\"caption\":\"Preussen-Ringer\"},\"image\":{\"@id\":\"https:\/\/preussen-ringer.de\/#\/schema\/logo\/image\/\"},\"sameAs\":[\"https:\/\/de-de.facebook.com\/Preussen.Ringer\",\"https:\/\/www.instagram.com\/preussenringer.de\/?hl=de\",\"https:\/\/www.pinterest.de\/preussenringer\/\",\"https:\/\/www.youtube.com\/channel\/UCTnHKC5MOkkcgVV1un8vx3g\",\"https:\/\/de.wikipedia.org\/wiki\/SV_Preu\u00dfen_Berlin\"]}]}<\/script>\n<!-- \/ Yoast SEO plugin. -->","yoast_head_json":{"title":"Liens de lutte - Preussen-Ringer","robots":{"index":"index","follow":"follow","max-snippet":"max-snippet:-1","max-image-preview":"max-image-preview:large","max-video-preview":"max-video-preview:-1"},"canonical":"https:\/\/preussen-ringer.de\/fr\/liens-de-lutte\/","og_locale":"fr_FR","og_type":"article","og_title":"Liens de lutte - Preussen-Ringer","og_description":"[vc_row][vc_column][vc_column_text] Liens g\u00e9n\u00e9raux ou clubs sportifs en Allemagne www.ringen.de Page officielle de la F\u00e9d\u00e9ration allemande des lutteurs www.berliner-ringerverband.de Page de l\u2019Association des lutteurs de Berlin www.liga-db.de Ringer-Liga base de donn\u00e9es avec de nombreux r\u00e9sultats et dates actuelles www.ringertreff.de Page avec de nombreuses contributions actuelles d\u2019Andreas Wolfert d\u2019Aalen www.olympic.org Site web des Jeux olympiques www.dosb.de F\u00e9d\u00e9ration&hellip;","og_url":"https:\/\/preussen-ringer.de\/fr\/liens-de-lutte\/","og_site_name":"Preussen-Ringer","article_publisher":"https:\/\/de-de.facebook.com\/Preussen.Ringer","article_modified_time":"2020-08-06T08:14:51+00:00","og_image":[{"width":1920,"height":1280,"url":"https:\/\/preussen-ringer.de\/wp-content\/uploads\/2020\/04\/Ringen_Berlin_Wettkampf_1920x1200.jpg","type":"image\/jpeg"}],"twitter_card":"summary_large_image","twitter_misc":{"Dur\u00e9e de lecture estim\u00e9e":"1 minute"},"schema":{"@context":"https:\/\/schema.org","@graph":[{"@type":"WebPage","@id":"https:\/\/preussen-ringer.de\/fr\/liens-de-lutte\/","url":"https:\/\/preussen-ringer.de\/fr\/liens-de-lutte\/","name":"Liens de lutte - Preussen-Ringer","isPartOf":{"@id":"https:\/\/preussen-ringer.de\/#website"},"datePublished":"2020-08-06T08:14:50+00:00","dateModified":"2020-08-06T08:14:51+00:00","breadcrumb":{"@id":"https:\/\/preussen-ringer.de\/fr\/liens-de-lutte\/#breadcrumb"},"inLanguage":"fr-FR","potentialAction":[{"@type":"ReadAction","target":["https:\/\/preussen-ringer.de\/fr\/liens-de-lutte\/"]}]},{"@type":"BreadcrumbList","@id":"https:\/\/preussen-ringer.de\/fr\/liens-de-lutte\/#breadcrumb","itemListElement":[{"@type":"ListItem","position":1,"name":"Startseite","item":"https:\/\/preussen-ringer.de\/fr\/"},{"@type":"ListItem","position":2,"name":"Liens de lutte"}]},{"@type":"WebSite","@id":"https:\/\/preussen-ringer.de\/#website","url":"https:\/\/preussen-ringer.de\/","name":"Preussen-Ringer","description":"Ringerverein in Berlin Prenzlauer Berg, Pankow, Karow und Hohensch\u00f6nhausen","publisher":{"@id":"https:\/\/preussen-ringer.de\/#organization"},"potentialAction":[{"@type":"SearchAction","target":{"@type":"EntryPoint","urlTemplate":"https:\/\/preussen-ringer.de\/?s={search_term_string}"},"query-input":{"@type":"PropertyValueSpecification","valueRequired":true,"valueName":"search_term_string"}}],"inLanguage":"fr-FR"},{"@type":"Organization","@id":"https:\/\/preussen-ringer.de\/#organization","name":"Preussen-Ringer","url":"https:\/\/preussen-ringer.de\/","logo":{"@type":"ImageObject","inLanguage":"fr-FR","@id":"https:\/\/preussen-ringer.de\/#\/schema\/logo\/image\/","url":"https:\/\/preussen-ringer.de\/wp-content\/uploads\/2020\/06\/Logo_Preussen_Ringer.jpg","contentUrl":"https:\/\/preussen-ringer.de\/wp-content\/uploads\/2020\/06\/Logo_Preussen_Ringer.jpg","width":470,"height":285,"caption":"Preussen-Ringer"},"image":{"@id":"https:\/\/preussen-ringer.de\/#\/schema\/logo\/image\/"},"sameAs":["https:\/\/de-de.facebook.com\/Preussen.Ringer","https:\/\/www.instagram.com\/preussenringer.de\/?hl=de","https:\/\/www.pinterest.de\/preussenringer\/","https:\/\/www.youtube.com\/channel\/UCTnHKC5MOkkcgVV1un8vx3g","https:\/\/de.wikipedia.org\/wiki\/SV_Preu\u00dfen_Berlin"]}]}},"_links":{"self":[{"href":"https:\/\/preussen-ringer.de\/fr\/wp-json\/wp\/v2\/pages\/2791","targetHints":{"allow":["GET"]}}],"collection":[{"href":"https:\/\/preussen-ringer.de\/fr\/wp-json\/wp\/v2\/pages"}],"about":[{"href":"https:\/\/preussen-ringer.de\/fr\/wp-json\/wp\/v2\/types\/page"}],"author":[{"embeddable":true,"href":"https:\/\/preussen-ringer.de\/fr\/wp-json\/wp\/v2\/users\/7"}],"replies":[{"embeddable":true,"href":"https:\/\/preussen-ringer.de\/fr\/wp-json\/wp\/v2\/comments?post=2791"}],"version-history":[{"count":3,"href":"https:\/\/preussen-ringer.de\/fr\/wp-json\/wp\/v2\/pages\/2791\/revisions"}],"predecessor-version":[{"id":2808,"href":"https:\/\/preussen-ringer.de\/fr\/wp-json\/wp\/v2\/pages\/2791\/revisions\/2808"}],"wp:attachment":[{"href":"https:\/\/preussen-ringer.de\/fr\/wp-json\/wp\/v2\/media?parent=2791"}],"curies":[{"name":"wp","href":"https:\/\/api.w.org\/{rel}","templated":true}]}}