{"id":2760,"date":"2020-08-06T10:14:45","date_gmt":"2020-08-06T08:14:45","guid":{"rendered":"https:\/\/preussen-ringer.de\/faq-questions-frequentes\/"},"modified":"2020-08-06T10:14:46","modified_gmt":"2020-08-06T08:14:46","slug":"faq-questions-frequentes","status":"publish","type":"page","link":"https:\/\/preussen-ringer.de\/fr\/faq-questions-frequentes\/","title":{"rendered":"FAQ &#8211; Questions fr\u00e9quentes"},"content":{"rendered":"<div class=\"wpb-content-wrapper\"><p>[vc_row][vc_column][lab_heading title=\u00a0\u00bbLes r\u00e9ponses aux questions les plus fr\u00e9quentes\u00a0\u00bb][\/lab_heading][\/vc_column][\/vc_row][vc_row][vc_column width=\u00a0\u00bb4\/5&Prime;][vc_column_text]<\/p>\n<h4><strong>Formation<\/strong><\/h4>\n<p>&nbsp;<\/p>\n<p><strong>Mon fils ou ma fille cherchons un club de lutte \u00e0 Berlin. \u00c0 qui peut-on s\u2019adresser ?<\/strong><\/p>\n<p>Les Preussen-Ringer offrent des formations pour d\u00e9butants et avanc\u00e9s \u00e0 Berlin &#8211; Karow, Prenzlauer Berg et Hohensch\u00f6nhausen. Il suffit de nous envoyer une br\u00e8ve information sur le formulaire de contact ou de contacter les entra\u00eeneurs aux heures d\u2019entra\u00eenement. Nous vous donnerons une r\u00e9ponse \u00e0 vos questions en temps utile.<\/p>\n<p>&nbsp;<\/p>\n<p><strong>Qui peut s\u2019entra\u00eener avec les lutteurs prussiens ? <\/strong><\/p>\n<p>Dans les groupes d\u2019entra\u00eenement respectifs, les enfants (filles et gar\u00e7ons), les adolescents, les femmes et les hommes peuvent s\u2019entra\u00eener. Depuis d\u00e9cembre 2011, nous proposons un groupe de rampants pour les enfants \u00e0 partir de 3 ans, dans lequel les enfants peuvent se d\u00e9placer de mani\u00e8re ludique sous la garde de leurs parents.<\/p>\n<p>&nbsp;<\/p>\n<p><strong>Qu\u2019est-ce qui est n\u00e9cessaire pour l\u2019entra\u00eenement ? <\/strong><\/p>\n<p>Pour l\u2019entra\u00eenement, des v\u00eatements de sport tels qu\u2019un T-shirt, un surv\u00eatement et des chaussures de sport sont n\u00e9cessaires. Pour commencer, les chaussures de sport avec une semelle plate et lumineuse sont suffisantes. Par la suite, des chaussures de lutte sp\u00e9ciales devraient \u00eatre achet\u00e9es.<\/p>\n<p>Nous recommandons d\u2019emporter nos propres boissons afin que la perte de liquide puisse \u00eatre rapidement compens\u00e9e apr\u00e8s le sport.<\/p>\n<p>&nbsp;<\/p>\n<p>&nbsp;<\/p>\n<h4><strong>Questions relatives \u00e0 l\u2019adh\u00e9sion<\/strong><\/h4>\n<p><strong>Comment devenir membre des lutteurs de Prusse ?<\/strong><\/p>\n<p>Apr\u00e8s la formation d\u2019essai gratuite des quatre premi\u00e8res semaines, une <a href=\"http:\/\/dev.preussen-ringer.de\/dokumente\/\">demande d\u2019adh\u00e9sion<\/a> doit \u00eatre remplie et remise aux entra\u00eeneurs ou \u00e0 la direction du d\u00e9partement. La direction du d\u00e9partement r\u00e8gle ensuite la correspondance avec le bureau.<\/p>\n<p><strong> <\/strong><\/p>\n<p><strong>Combien co\u00fbte l\u2019entra\u00eenement ou l\u2019adh\u00e9sion chez nous ?<\/strong><\/p>\n<p>La cotisation est g\u00e9n\u00e9ralement de 20 \u20ac par mois pour tous les enfants et adultes. Pour les fr\u00e8res et s\u0153urs ou les parents dont l\u2019enfant est membre de l\u2019association, nous offrons un bonus fraternel (15\u20ac par mois). En outre, des frais d\u2019admission uniques de 25 \u20ac sont factur\u00e9s.<\/p>\n<p><strong> <\/strong><\/p>\n<p><strong>Comment puis-je payer la cotisation ?<\/strong><\/p>\n<p>Le paiement des cotisations n\u2019est possible que par autorisation de recouvrement. Celle-ci doit \u00eatre accord\u00e9e en m\u00eame temps que la d\u00e9claration d\u2019entr\u00e9e sur le formulaire. La contribution sera trimestriellement au 15.01., 15.04., 15.07. et le 15.10. ou semestriellement au 15.01. et 15.07. J\u2019ai emm\u00e9nag\u00e9.<\/p>\n<p>&nbsp;<\/p>\n<p><strong>Comment puis-je mettre fin \u00e0 mon adh\u00e9sion ?<\/strong><\/p>\n<p>Conform\u00e9ment aux statuts de l\u2019association, le d\u00e9part doit \u00eatre directement par \u00e9crit par l\u2019interm\u00e9diaire du bureau (par courrier: <em>SV Preu\u00dfen Berlin e.V., Bureau, Hansastr. 190, 13088 Berlin<\/em> \/ par e-mail : <a href=\"mailto:svpreussen@t-online.de\">svpreussen@t-online.de).<\/a> Veuillez noter que le d\u00e9lai de sortie est <em>d\u2019un mois \u00e0 la fin de chaque trimestre. <\/em>[\/vc_column_text][\/vc_column][\/vc_row]<\/p>\n<\/div>","protected":false},"excerpt":{"rendered":"<p>[vc_row][vc_column][lab_heading title=\u00a0\u00bbLes r\u00e9ponses aux questions les plus fr\u00e9quentes\u00a0\u00bb][\/lab_heading][\/vc_column][\/vc_row][vc_row][vc_column width=\u00a0\u00bb4\/5&Prime;][vc_column_text] Formation &nbsp; Mon fils ou ma fille cherchons un club de lutte \u00e0 Berlin. \u00c0 qui peut-on s\u2019adresser ? Les Preussen-Ringer offrent des formations pour d\u00e9butants et avanc\u00e9s \u00e0 Berlin &#8211; Karow, Prenzlauer Berg et Hohensch\u00f6nhausen. Il suffit de nous envoyer une br\u00e8ve information sur le&hellip;<\/p>\n","protected":false},"author":3,"featured_media":0,"parent":0,"menu_order":0,"comment_status":"closed","ping_status":"closed","template":"","meta":{"_acf_changed":false,"footnotes":""},"class_list":["post-2760","page","type-page","status-publish","hentry"],"acf":[],"yoast_head":"<!-- This site is optimized with the Yoast SEO plugin v26.8 - https:\/\/yoast.com\/product\/yoast-seo-wordpress\/ -->\n<title>FAQ - Questions fr\u00e9quentes - Preussen-Ringer<\/title>\n<meta name=\"robots\" content=\"index, follow, max-snippet:-1, max-image-preview:large, max-video-preview:-1\" \/>\n<link rel=\"canonical\" href=\"https:\/\/preussen-ringer.de\/fr\/faq-questions-frequentes\/\" \/>\n<meta property=\"og:locale\" content=\"fr_FR\" \/>\n<meta property=\"og:type\" content=\"article\" \/>\n<meta property=\"og:title\" content=\"FAQ - Questions fr\u00e9quentes - Preussen-Ringer\" \/>\n<meta property=\"og:description\" content=\"[vc_row][vc_column][lab_heading title=\u00a0\u00bbLes r\u00e9ponses aux questions les plus fr\u00e9quentes\u00a0\u00bb][\/lab_heading][\/vc_column][\/vc_row][vc_row][vc_column width=\u00a0\u00bb4\/5&Prime;][vc_column_text] Formation &nbsp; Mon fils ou ma fille cherchons un club de lutte \u00e0 Berlin. \u00c0 qui peut-on s\u2019adresser ? Les Preussen-Ringer offrent des formations pour d\u00e9butants et avanc\u00e9s \u00e0 Berlin &#8211; Karow, Prenzlauer Berg et Hohensch\u00f6nhausen. Il suffit de nous envoyer une br\u00e8ve information sur le&hellip;\" \/>\n<meta property=\"og:url\" content=\"https:\/\/preussen-ringer.de\/fr\/faq-questions-frequentes\/\" \/>\n<meta property=\"og:site_name\" content=\"Preussen-Ringer\" \/>\n<meta property=\"article:publisher\" content=\"https:\/\/de-de.facebook.com\/Preussen.Ringer\" \/>\n<meta property=\"article:modified_time\" content=\"2020-08-06T08:14:46+00:00\" \/>\n<meta property=\"og:image\" content=\"https:\/\/preussen-ringer.de\/wp-content\/uploads\/2020\/04\/Ringen_Berlin_Wettkampf_1920x1200.jpg\" \/>\n\t<meta property=\"og:image:width\" content=\"1920\" \/>\n\t<meta property=\"og:image:height\" content=\"1280\" \/>\n\t<meta property=\"og:image:type\" content=\"image\/jpeg\" \/>\n<meta name=\"twitter:card\" content=\"summary_large_image\" \/>\n<meta name=\"twitter:label1\" content=\"Dur\u00e9e de lecture estim\u00e9e\" \/>\n\t<meta name=\"twitter:data1\" content=\"2 minutes\" \/>\n<script type=\"application\/ld+json\" class=\"yoast-schema-graph\">{\"@context\":\"https:\/\/schema.org\",\"@graph\":[{\"@type\":\"WebPage\",\"@id\":\"https:\/\/preussen-ringer.de\/fr\/faq-questions-frequentes\/\",\"url\":\"https:\/\/preussen-ringer.de\/fr\/faq-questions-frequentes\/\",\"name\":\"FAQ - Questions fr\u00e9quentes - Preussen-Ringer\",\"isPartOf\":{\"@id\":\"https:\/\/preussen-ringer.de\/#website\"},\"datePublished\":\"2020-08-06T08:14:45+00:00\",\"dateModified\":\"2020-08-06T08:14:46+00:00\",\"breadcrumb\":{\"@id\":\"https:\/\/preussen-ringer.de\/fr\/faq-questions-frequentes\/#breadcrumb\"},\"inLanguage\":\"fr-FR\",\"potentialAction\":[{\"@type\":\"ReadAction\",\"target\":[\"https:\/\/preussen-ringer.de\/fr\/faq-questions-frequentes\/\"]}]},{\"@type\":\"BreadcrumbList\",\"@id\":\"https:\/\/preussen-ringer.de\/fr\/faq-questions-frequentes\/#breadcrumb\",\"itemListElement\":[{\"@type\":\"ListItem\",\"position\":1,\"name\":\"Startseite\",\"item\":\"https:\/\/preussen-ringer.de\/fr\/\"},{\"@type\":\"ListItem\",\"position\":2,\"name\":\"FAQ &#8211; Questions fr\u00e9quentes\"}]},{\"@type\":\"WebSite\",\"@id\":\"https:\/\/preussen-ringer.de\/#website\",\"url\":\"https:\/\/preussen-ringer.de\/\",\"name\":\"Preussen-Ringer\",\"description\":\"Ringerverein in Berlin Prenzlauer Berg, Pankow, Karow und Hohensch\u00f6nhausen\",\"publisher\":{\"@id\":\"https:\/\/preussen-ringer.de\/#organization\"},\"potentialAction\":[{\"@type\":\"SearchAction\",\"target\":{\"@type\":\"EntryPoint\",\"urlTemplate\":\"https:\/\/preussen-ringer.de\/?s={search_term_string}\"},\"query-input\":{\"@type\":\"PropertyValueSpecification\",\"valueRequired\":true,\"valueName\":\"search_term_string\"}}],\"inLanguage\":\"fr-FR\"},{\"@type\":\"Organization\",\"@id\":\"https:\/\/preussen-ringer.de\/#organization\",\"name\":\"Preussen-Ringer\",\"url\":\"https:\/\/preussen-ringer.de\/\",\"logo\":{\"@type\":\"ImageObject\",\"inLanguage\":\"fr-FR\",\"@id\":\"https:\/\/preussen-ringer.de\/#\/schema\/logo\/image\/\",\"url\":\"https:\/\/preussen-ringer.de\/wp-content\/uploads\/2020\/06\/Logo_Preussen_Ringer.jpg\",\"contentUrl\":\"https:\/\/preussen-ringer.de\/wp-content\/uploads\/2020\/06\/Logo_Preussen_Ringer.jpg\",\"width\":470,\"height\":285,\"caption\":\"Preussen-Ringer\"},\"image\":{\"@id\":\"https:\/\/preussen-ringer.de\/#\/schema\/logo\/image\/\"},\"sameAs\":[\"https:\/\/de-de.facebook.com\/Preussen.Ringer\",\"https:\/\/www.instagram.com\/preussenringer.de\/?hl=de\",\"https:\/\/www.pinterest.de\/preussenringer\/\",\"https:\/\/www.youtube.com\/channel\/UCTnHKC5MOkkcgVV1un8vx3g\",\"https:\/\/de.wikipedia.org\/wiki\/SV_Preu\u00dfen_Berlin\"]}]}<\/script>\n<!-- \/ Yoast SEO plugin. -->","yoast_head_json":{"title":"FAQ - Questions fr\u00e9quentes - Preussen-Ringer","robots":{"index":"index","follow":"follow","max-snippet":"max-snippet:-1","max-image-preview":"max-image-preview:large","max-video-preview":"max-video-preview:-1"},"canonical":"https:\/\/preussen-ringer.de\/fr\/faq-questions-frequentes\/","og_locale":"fr_FR","og_type":"article","og_title":"FAQ - Questions fr\u00e9quentes - Preussen-Ringer","og_description":"[vc_row][vc_column][lab_heading title=\u00a0\u00bbLes r\u00e9ponses aux questions les plus fr\u00e9quentes\u00a0\u00bb][\/lab_heading][\/vc_column][\/vc_row][vc_row][vc_column width=\u00a0\u00bb4\/5&Prime;][vc_column_text] Formation &nbsp; Mon fils ou ma fille cherchons un club de lutte \u00e0 Berlin. \u00c0 qui peut-on s\u2019adresser ? Les Preussen-Ringer offrent des formations pour d\u00e9butants et avanc\u00e9s \u00e0 Berlin &#8211; Karow, Prenzlauer Berg et Hohensch\u00f6nhausen. Il suffit de nous envoyer une br\u00e8ve information sur le&hellip;","og_url":"https:\/\/preussen-ringer.de\/fr\/faq-questions-frequentes\/","og_site_name":"Preussen-Ringer","article_publisher":"https:\/\/de-de.facebook.com\/Preussen.Ringer","article_modified_time":"2020-08-06T08:14:46+00:00","og_image":[{"width":1920,"height":1280,"url":"https:\/\/preussen-ringer.de\/wp-content\/uploads\/2020\/04\/Ringen_Berlin_Wettkampf_1920x1200.jpg","type":"image\/jpeg"}],"twitter_card":"summary_large_image","twitter_misc":{"Dur\u00e9e de lecture estim\u00e9e":"2 minutes"},"schema":{"@context":"https:\/\/schema.org","@graph":[{"@type":"WebPage","@id":"https:\/\/preussen-ringer.de\/fr\/faq-questions-frequentes\/","url":"https:\/\/preussen-ringer.de\/fr\/faq-questions-frequentes\/","name":"FAQ - Questions fr\u00e9quentes - Preussen-Ringer","isPartOf":{"@id":"https:\/\/preussen-ringer.de\/#website"},"datePublished":"2020-08-06T08:14:45+00:00","dateModified":"2020-08-06T08:14:46+00:00","breadcrumb":{"@id":"https:\/\/preussen-ringer.de\/fr\/faq-questions-frequentes\/#breadcrumb"},"inLanguage":"fr-FR","potentialAction":[{"@type":"ReadAction","target":["https:\/\/preussen-ringer.de\/fr\/faq-questions-frequentes\/"]}]},{"@type":"BreadcrumbList","@id":"https:\/\/preussen-ringer.de\/fr\/faq-questions-frequentes\/#breadcrumb","itemListElement":[{"@type":"ListItem","position":1,"name":"Startseite","item":"https:\/\/preussen-ringer.de\/fr\/"},{"@type":"ListItem","position":2,"name":"FAQ &#8211; Questions fr\u00e9quentes"}]},{"@type":"WebSite","@id":"https:\/\/preussen-ringer.de\/#website","url":"https:\/\/preussen-ringer.de\/","name":"Preussen-Ringer","description":"Ringerverein in Berlin Prenzlauer Berg, Pankow, Karow und Hohensch\u00f6nhausen","publisher":{"@id":"https:\/\/preussen-ringer.de\/#organization"},"potentialAction":[{"@type":"SearchAction","target":{"@type":"EntryPoint","urlTemplate":"https:\/\/preussen-ringer.de\/?s={search_term_string}"},"query-input":{"@type":"PropertyValueSpecification","valueRequired":true,"valueName":"search_term_string"}}],"inLanguage":"fr-FR"},{"@type":"Organization","@id":"https:\/\/preussen-ringer.de\/#organization","name":"Preussen-Ringer","url":"https:\/\/preussen-ringer.de\/","logo":{"@type":"ImageObject","inLanguage":"fr-FR","@id":"https:\/\/preussen-ringer.de\/#\/schema\/logo\/image\/","url":"https:\/\/preussen-ringer.de\/wp-content\/uploads\/2020\/06\/Logo_Preussen_Ringer.jpg","contentUrl":"https:\/\/preussen-ringer.de\/wp-content\/uploads\/2020\/06\/Logo_Preussen_Ringer.jpg","width":470,"height":285,"caption":"Preussen-Ringer"},"image":{"@id":"https:\/\/preussen-ringer.de\/#\/schema\/logo\/image\/"},"sameAs":["https:\/\/de-de.facebook.com\/Preussen.Ringer","https:\/\/www.instagram.com\/preussenringer.de\/?hl=de","https:\/\/www.pinterest.de\/preussenringer\/","https:\/\/www.youtube.com\/channel\/UCTnHKC5MOkkcgVV1un8vx3g","https:\/\/de.wikipedia.org\/wiki\/SV_Preu\u00dfen_Berlin"]}]}},"_links":{"self":[{"href":"https:\/\/preussen-ringer.de\/fr\/wp-json\/wp\/v2\/pages\/2760","targetHints":{"allow":["GET"]}}],"collection":[{"href":"https:\/\/preussen-ringer.de\/fr\/wp-json\/wp\/v2\/pages"}],"about":[{"href":"https:\/\/preussen-ringer.de\/fr\/wp-json\/wp\/v2\/types\/page"}],"author":[{"embeddable":true,"href":"https:\/\/preussen-ringer.de\/fr\/wp-json\/wp\/v2\/users\/3"}],"replies":[{"embeddable":true,"href":"https:\/\/preussen-ringer.de\/fr\/wp-json\/wp\/v2\/comments?post=2760"}],"version-history":[{"count":2,"href":"https:\/\/preussen-ringer.de\/fr\/wp-json\/wp\/v2\/pages\/2760\/revisions"}],"predecessor-version":[{"id":2780,"href":"https:\/\/preussen-ringer.de\/fr\/wp-json\/wp\/v2\/pages\/2760\/revisions\/2780"}],"wp:attachment":[{"href":"https:\/\/preussen-ringer.de\/fr\/wp-json\/wp\/v2\/media?parent=2760"}],"curies":[{"name":"wp","href":"https:\/\/api.w.org\/{rel}","templated":true}]}}