{"id":2732,"date":"2020-08-06T10:14:45","date_gmt":"2020-08-06T08:14:45","guid":{"rendered":"https:\/\/preussen-ringer.de\/philosophie-et-objectifs\/"},"modified":"2020-08-06T10:14:46","modified_gmt":"2020-08-06T08:14:46","slug":"philosophie-et-objectifs","status":"publish","type":"page","link":"https:\/\/preussen-ringer.de\/fr\/philosophie-et-objectifs\/","title":{"rendered":"Philosophie et objectifs"},"content":{"rendered":"<div class=\"wpb-content-wrapper\"><p>[vc_row][vc_column width=\u00a0\u00bb4\/5&Prime;][vc_column_text]<\/p>\n<h1>Lutte &#8211; notre philosophie<\/h1>\n<p>La lutte est l\u2019un des arts martiaux les plus anciens au monde et est olympique depuis l\u2019Antiquit\u00e9. En pleine utilisation du corps, il s\u2019agit de vaincre l\u2019adversaire sans autre aide. La force joue un r\u00f4le moins important que la technique, l\u2019endurance, la coordination et la rapidit\u00e9. Chaque combat se d\u00e9roule selon des r\u00e8gles strictes, sous l\u2019observation d\u2019un juge de combat: il est interdit de frapper et d\u2019\u00eatre acteur. En raison de ces caract\u00e9ristiques, le combat de lutte est certainement de plus en plus populaire parmi les filles et les jeunes femmes.<\/p>\n<p>Outre le d\u00e9fi physique, le d\u00e9veloppement personnel de chaque lutteur est au premier plan. Dans l\u2019entra\u00eenement et les comp\u00e9titions, les athl\u00e8tes doivent conna\u00eetre leurs propres limites et \u00eatre justes et sportifs avec leurs concurrents. Ils doivent apprendre \u00e0 g\u00e9rer les autres avec le stress et les attentes, \u00e0 travailler de mani\u00e8re autonome et \u00e0 am\u00e9liorer leurs comp\u00e9tences. Dans les comp\u00e9titions individuelles et par \u00e9quipes, ils peuvent prouver qu\u2019ils peuvent agir non seulement en tant que combattants isol\u00e9s, mais aussi en \u00e9quipe et prendre leurs responsabilit\u00e9s en lui.[\/vc_column_text][\/vc_column][\/vc_row][vc_row][vc_column][vc_single_image image=\u00a0\u00bb1357&Prime; img_size=\u00a0\u00bbmedium\u00a0\u00bb][\/vc_column][\/vc_row][vc_row][vc_column][vc_column_text]<\/p>\n<h1>Objectifs de l\u2019association<\/h1>\n<p>L\u2019objectif de notre association est d\u2019initier les enfants et les jeunes avec plaisir au sport de lutte et de leur offrir un loisir utile, exigeant et stimulant. Les enfants et les jeunes adultes sont soutenus en fonction de leur \u00e2ge et de leurs comp\u00e9tences et sont doucement int\u00e9gr\u00e9s dans le sport de masse et de comp\u00e9tition. Ils sont pr\u00e9par\u00e9s \u00e0 repr\u00e9senter le club dans la jeunesse et l\u2019\u00e9quipe masculine de chaque ligue.<\/p>\n<p>&nbsp;<\/p>\n<p>Nos plus petits apprennent \u00e0 am\u00e9liorer leur coordination et leur ma\u00eetrise du corps gr\u00e2ce \u00e0 des jeux et des exercices de gymnastique et se familiarisent lentement avec les \u00e9l\u00e9ments de combat. Dans les groupes de d\u00e9butants, les comp\u00e9tences et les techniques de lutte de base leur sont enseign\u00e9es. Dans le domaine des jeunes et des adultes, la formation technique est compl\u00e9t\u00e9e par des \u00e9l\u00e9ments du sport de musculation. Les comp\u00e9tences acquises sont test\u00e9es et r\u00e9compens\u00e9es en cons\u00e9quence par une participation r\u00e9guli\u00e8re aux tournois et championnats locaux et nationaux. Nous pr\u00e9parons de mani\u00e8re cibl\u00e9e les athl\u00e8tes ayant de tr\u00e8s bonnes comp\u00e9tences \u00e0 une orientation de performance dans les \u00e9coles de sport.[\/vc_column_text][\/vc_column][\/vc_row]<\/p>\n<\/div>","protected":false},"excerpt":{"rendered":"<p>[vc_row][vc_column width=\u00a0\u00bb4\/5&Prime;][vc_column_text] Lutte &#8211; notre philosophie La lutte est l\u2019un des arts martiaux les plus anciens au monde et est olympique depuis l\u2019Antiquit\u00e9. En pleine utilisation du corps, il s\u2019agit de vaincre l\u2019adversaire sans autre aide. La force joue un r\u00f4le moins important que la technique, l\u2019endurance, la coordination et la rapidit\u00e9. Chaque combat se&hellip;<\/p>\n","protected":false},"author":3,"featured_media":0,"parent":0,"menu_order":0,"comment_status":"closed","ping_status":"closed","template":"","meta":{"_acf_changed":false,"footnotes":""},"class_list":["post-2732","page","type-page","status-publish","hentry"],"acf":[],"yoast_head":"<!-- This site is optimized with the Yoast SEO plugin v26.8 - https:\/\/yoast.com\/product\/yoast-seo-wordpress\/ -->\n<title>Philosophie et objectifs - Preussen-Ringer<\/title>\n<meta name=\"robots\" content=\"index, follow, max-snippet:-1, max-image-preview:large, max-video-preview:-1\" \/>\n<link rel=\"canonical\" href=\"https:\/\/preussen-ringer.de\/fr\/philosophie-et-objectifs\/\" \/>\n<meta property=\"og:locale\" content=\"fr_FR\" \/>\n<meta property=\"og:type\" content=\"article\" \/>\n<meta property=\"og:title\" content=\"Philosophie et objectifs - Preussen-Ringer\" \/>\n<meta property=\"og:description\" content=\"[vc_row][vc_column width=\u00a0\u00bb4\/5&Prime;][vc_column_text] Lutte &#8211; notre philosophie La lutte est l\u2019un des arts martiaux les plus anciens au monde et est olympique depuis l\u2019Antiquit\u00e9. En pleine utilisation du corps, il s\u2019agit de vaincre l\u2019adversaire sans autre aide. La force joue un r\u00f4le moins important que la technique, l\u2019endurance, la coordination et la rapidit\u00e9. Chaque combat se&hellip;\" \/>\n<meta property=\"og:url\" content=\"https:\/\/preussen-ringer.de\/fr\/philosophie-et-objectifs\/\" \/>\n<meta property=\"og:site_name\" content=\"Preussen-Ringer\" \/>\n<meta property=\"article:publisher\" content=\"https:\/\/de-de.facebook.com\/Preussen.Ringer\" \/>\n<meta property=\"article:modified_time\" content=\"2020-08-06T08:14:46+00:00\" \/>\n<meta property=\"og:image\" content=\"https:\/\/preussen-ringer.de\/wp-content\/uploads\/2020\/04\/Ringen_Berlin_Wettkampf_1920x1200.jpg\" \/>\n\t<meta property=\"og:image:width\" content=\"1920\" \/>\n\t<meta property=\"og:image:height\" content=\"1280\" \/>\n\t<meta property=\"og:image:type\" content=\"image\/jpeg\" \/>\n<meta name=\"twitter:card\" content=\"summary_large_image\" \/>\n<meta name=\"twitter:label1\" content=\"Dur\u00e9e de lecture estim\u00e9e\" \/>\n\t<meta name=\"twitter:data1\" content=\"2 minutes\" \/>\n<script type=\"application\/ld+json\" class=\"yoast-schema-graph\">{\"@context\":\"https:\/\/schema.org\",\"@graph\":[{\"@type\":\"WebPage\",\"@id\":\"https:\/\/preussen-ringer.de\/fr\/philosophie-et-objectifs\/\",\"url\":\"https:\/\/preussen-ringer.de\/fr\/philosophie-et-objectifs\/\",\"name\":\"Philosophie et objectifs - Preussen-Ringer\",\"isPartOf\":{\"@id\":\"https:\/\/preussen-ringer.de\/#website\"},\"datePublished\":\"2020-08-06T08:14:45+00:00\",\"dateModified\":\"2020-08-06T08:14:46+00:00\",\"breadcrumb\":{\"@id\":\"https:\/\/preussen-ringer.de\/fr\/philosophie-et-objectifs\/#breadcrumb\"},\"inLanguage\":\"fr-FR\",\"potentialAction\":[{\"@type\":\"ReadAction\",\"target\":[\"https:\/\/preussen-ringer.de\/fr\/philosophie-et-objectifs\/\"]}]},{\"@type\":\"BreadcrumbList\",\"@id\":\"https:\/\/preussen-ringer.de\/fr\/philosophie-et-objectifs\/#breadcrumb\",\"itemListElement\":[{\"@type\":\"ListItem\",\"position\":1,\"name\":\"Startseite\",\"item\":\"https:\/\/preussen-ringer.de\/fr\/\"},{\"@type\":\"ListItem\",\"position\":2,\"name\":\"Philosophie et objectifs\"}]},{\"@type\":\"WebSite\",\"@id\":\"https:\/\/preussen-ringer.de\/#website\",\"url\":\"https:\/\/preussen-ringer.de\/\",\"name\":\"Preussen-Ringer\",\"description\":\"Ringerverein in Berlin Prenzlauer Berg, Pankow, Karow und Hohensch\u00f6nhausen\",\"publisher\":{\"@id\":\"https:\/\/preussen-ringer.de\/#organization\"},\"potentialAction\":[{\"@type\":\"SearchAction\",\"target\":{\"@type\":\"EntryPoint\",\"urlTemplate\":\"https:\/\/preussen-ringer.de\/?s={search_term_string}\"},\"query-input\":{\"@type\":\"PropertyValueSpecification\",\"valueRequired\":true,\"valueName\":\"search_term_string\"}}],\"inLanguage\":\"fr-FR\"},{\"@type\":\"Organization\",\"@id\":\"https:\/\/preussen-ringer.de\/#organization\",\"name\":\"Preussen-Ringer\",\"url\":\"https:\/\/preussen-ringer.de\/\",\"logo\":{\"@type\":\"ImageObject\",\"inLanguage\":\"fr-FR\",\"@id\":\"https:\/\/preussen-ringer.de\/#\/schema\/logo\/image\/\",\"url\":\"https:\/\/preussen-ringer.de\/wp-content\/uploads\/2020\/06\/Logo_Preussen_Ringer.jpg\",\"contentUrl\":\"https:\/\/preussen-ringer.de\/wp-content\/uploads\/2020\/06\/Logo_Preussen_Ringer.jpg\",\"width\":470,\"height\":285,\"caption\":\"Preussen-Ringer\"},\"image\":{\"@id\":\"https:\/\/preussen-ringer.de\/#\/schema\/logo\/image\/\"},\"sameAs\":[\"https:\/\/de-de.facebook.com\/Preussen.Ringer\",\"https:\/\/www.instagram.com\/preussenringer.de\/?hl=de\",\"https:\/\/www.pinterest.de\/preussenringer\/\",\"https:\/\/www.youtube.com\/channel\/UCTnHKC5MOkkcgVV1un8vx3g\",\"https:\/\/de.wikipedia.org\/wiki\/SV_Preu\u00dfen_Berlin\"]}]}<\/script>\n<!-- \/ Yoast SEO plugin. -->","yoast_head_json":{"title":"Philosophie et objectifs - Preussen-Ringer","robots":{"index":"index","follow":"follow","max-snippet":"max-snippet:-1","max-image-preview":"max-image-preview:large","max-video-preview":"max-video-preview:-1"},"canonical":"https:\/\/preussen-ringer.de\/fr\/philosophie-et-objectifs\/","og_locale":"fr_FR","og_type":"article","og_title":"Philosophie et objectifs - Preussen-Ringer","og_description":"[vc_row][vc_column width=\u00a0\u00bb4\/5&Prime;][vc_column_text] Lutte &#8211; notre philosophie La lutte est l\u2019un des arts martiaux les plus anciens au monde et est olympique depuis l\u2019Antiquit\u00e9. En pleine utilisation du corps, il s\u2019agit de vaincre l\u2019adversaire sans autre aide. La force joue un r\u00f4le moins important que la technique, l\u2019endurance, la coordination et la rapidit\u00e9. Chaque combat se&hellip;","og_url":"https:\/\/preussen-ringer.de\/fr\/philosophie-et-objectifs\/","og_site_name":"Preussen-Ringer","article_publisher":"https:\/\/de-de.facebook.com\/Preussen.Ringer","article_modified_time":"2020-08-06T08:14:46+00:00","og_image":[{"width":1920,"height":1280,"url":"https:\/\/preussen-ringer.de\/wp-content\/uploads\/2020\/04\/Ringen_Berlin_Wettkampf_1920x1200.jpg","type":"image\/jpeg"}],"twitter_card":"summary_large_image","twitter_misc":{"Dur\u00e9e de lecture estim\u00e9e":"2 minutes"},"schema":{"@context":"https:\/\/schema.org","@graph":[{"@type":"WebPage","@id":"https:\/\/preussen-ringer.de\/fr\/philosophie-et-objectifs\/","url":"https:\/\/preussen-ringer.de\/fr\/philosophie-et-objectifs\/","name":"Philosophie et objectifs - Preussen-Ringer","isPartOf":{"@id":"https:\/\/preussen-ringer.de\/#website"},"datePublished":"2020-08-06T08:14:45+00:00","dateModified":"2020-08-06T08:14:46+00:00","breadcrumb":{"@id":"https:\/\/preussen-ringer.de\/fr\/philosophie-et-objectifs\/#breadcrumb"},"inLanguage":"fr-FR","potentialAction":[{"@type":"ReadAction","target":["https:\/\/preussen-ringer.de\/fr\/philosophie-et-objectifs\/"]}]},{"@type":"BreadcrumbList","@id":"https:\/\/preussen-ringer.de\/fr\/philosophie-et-objectifs\/#breadcrumb","itemListElement":[{"@type":"ListItem","position":1,"name":"Startseite","item":"https:\/\/preussen-ringer.de\/fr\/"},{"@type":"ListItem","position":2,"name":"Philosophie et objectifs"}]},{"@type":"WebSite","@id":"https:\/\/preussen-ringer.de\/#website","url":"https:\/\/preussen-ringer.de\/","name":"Preussen-Ringer","description":"Ringerverein in Berlin Prenzlauer Berg, Pankow, Karow und Hohensch\u00f6nhausen","publisher":{"@id":"https:\/\/preussen-ringer.de\/#organization"},"potentialAction":[{"@type":"SearchAction","target":{"@type":"EntryPoint","urlTemplate":"https:\/\/preussen-ringer.de\/?s={search_term_string}"},"query-input":{"@type":"PropertyValueSpecification","valueRequired":true,"valueName":"search_term_string"}}],"inLanguage":"fr-FR"},{"@type":"Organization","@id":"https:\/\/preussen-ringer.de\/#organization","name":"Preussen-Ringer","url":"https:\/\/preussen-ringer.de\/","logo":{"@type":"ImageObject","inLanguage":"fr-FR","@id":"https:\/\/preussen-ringer.de\/#\/schema\/logo\/image\/","url":"https:\/\/preussen-ringer.de\/wp-content\/uploads\/2020\/06\/Logo_Preussen_Ringer.jpg","contentUrl":"https:\/\/preussen-ringer.de\/wp-content\/uploads\/2020\/06\/Logo_Preussen_Ringer.jpg","width":470,"height":285,"caption":"Preussen-Ringer"},"image":{"@id":"https:\/\/preussen-ringer.de\/#\/schema\/logo\/image\/"},"sameAs":["https:\/\/de-de.facebook.com\/Preussen.Ringer","https:\/\/www.instagram.com\/preussenringer.de\/?hl=de","https:\/\/www.pinterest.de\/preussenringer\/","https:\/\/www.youtube.com\/channel\/UCTnHKC5MOkkcgVV1un8vx3g","https:\/\/de.wikipedia.org\/wiki\/SV_Preu\u00dfen_Berlin"]}]}},"_links":{"self":[{"href":"https:\/\/preussen-ringer.de\/fr\/wp-json\/wp\/v2\/pages\/2732","targetHints":{"allow":["GET"]}}],"collection":[{"href":"https:\/\/preussen-ringer.de\/fr\/wp-json\/wp\/v2\/pages"}],"about":[{"href":"https:\/\/preussen-ringer.de\/fr\/wp-json\/wp\/v2\/types\/page"}],"author":[{"embeddable":true,"href":"https:\/\/preussen-ringer.de\/fr\/wp-json\/wp\/v2\/users\/3"}],"replies":[{"embeddable":true,"href":"https:\/\/preussen-ringer.de\/fr\/wp-json\/wp\/v2\/comments?post=2732"}],"version-history":[{"count":2,"href":"https:\/\/preussen-ringer.de\/fr\/wp-json\/wp\/v2\/pages\/2732\/revisions"}],"predecessor-version":[{"id":2740,"href":"https:\/\/preussen-ringer.de\/fr\/wp-json\/wp\/v2\/pages\/2732\/revisions\/2740"}],"wp:attachment":[{"href":"https:\/\/preussen-ringer.de\/fr\/wp-json\/wp\/v2\/media?parent=2732"}],"curies":[{"name":"wp","href":"https:\/\/api.w.org\/{rel}","templated":true}]}}