{"id":2620,"date":"2020-08-06T10:14:41","date_gmt":"2020-08-06T08:14:41","guid":{"rendered":"https:\/\/preussen-ringer.de\/le-departement-se-presente\/"},"modified":"2020-08-06T10:14:41","modified_gmt":"2020-08-06T08:14:41","slug":"le-departement-se-presente","status":"publish","type":"page","link":"https:\/\/preussen-ringer.de\/fr\/le-departement-se-presente\/","title":{"rendered":"Le d\u00e9partement se pr\u00e9sente"},"content":{"rendered":"<div class=\"wpb-content-wrapper\"><p>[vc_row][vc_column][lab_heading title=\u00a0\u00bbLe d\u00e9partement se pr\u00e9sente\u00a0\u00bb][\/lab_heading][\/vc_column][\/vc_row][vc_row][vc_column width=\u00a0\u00bb4\/5&Prime;][vc_column_text]Le d\u00e9partement lutte est g\u00e9r\u00e9 exclusivement par l\u2019activit\u00e9 b\u00e9n\u00e9vole des membres de l\u2019association en \u00e9troite collaboration avec l\u2019association principale SV Prusse Berlin e.V.. Ce n\u2019est que par l\u2019engagement des membres et des parents des jeunes sportifs que les objectifs du d\u00e9partement peuvent \u00eatre atteints.<\/p>\n<p>&nbsp;<\/p>\n<h4>Le d\u00e9partement de la lutte<\/h4>\n<p>Nom du d\u00e9partement : Lutteurs preussiens<\/p>\n<p>Date de cr\u00e9ation: 23.03.1953<\/p>\n<p>Issu de la SG Dynamo Hohensch\u00f6nhausen, de la BSG Empor Werner Seelenbinder et du Dynamo TZ Robert Uhrig.<\/p>\n<p>Membres: environ 160, dont une majorit\u00e9 d\u2019enfants et de jeunes (en 2020)<\/p>\n<p>Sports de division : lutte, musculation, rebond, sports collectifs<\/p>\n<p>&nbsp;<\/p>\n<p>Adresse: Bernd Propst, Kati Moor<\/p>\n<p>SV Preu\u00dfen Berlin e.V.<br \/>\nBureau<br \/>\nHansastra\u00dfe 190<br \/>\n13088 Berlin<br \/>\n<a href=\"https:\/\/www.sv-preussen-berlin.de\/\">Homepage : SV Preu\u00dfen Berlin e.V.<\/a><\/p>\n<p>&nbsp;<\/p>\n<h4>Direction du d\u00e9partement<\/h4>\n<p>Chef de division: H. Gensicke<\/p>\n<p>Adjoint chef de division: S. J. Saul<\/p>\n<p>Conseiller pour la jeunesse: W. Gaul, C. K\u00f6hn<\/p>\n<p>Marketing\/Parrainage: P. Junge<\/p>\n<p>Relations publiques\/photographe: S. Reinke<\/p>\n<p>Secr\u00e9taire : M. Gensicke<\/p>\n<p>&nbsp;<\/p>\n<h4>Entra\u00eeneur<\/h4>\n<p><strong>Base de Karov<\/strong><\/p>\n<p>M. Ringel<br \/>\nR. Reinke<br \/>\nB. Atorf<br \/>\nP. Joseph<\/p>\n<p>&nbsp;<\/p>\n<p><strong>Base de Prenzlauer Berg \u00ab&nbsp;Stahlheimer&nbsp;\u00bb<\/strong><\/p>\n<p>W. Gaul<br \/>\nC. K\u00f6hn<br \/>\nE. Fraede<br \/>\nH. Gensicke<br \/>\nM. Gensicke<br \/>\nP. Gar\u00e7on<br \/>\nJ. Matzkowski<br \/>\nA. Schreiber<br \/>\nK. Rudnick<br \/>\nS. J. Saul<br \/>\nA. Noori<\/p>\n<p>&nbsp;<\/p>\n<p><strong>Base de Hohensch\u00f6nhausen<\/strong><\/p>\n<p>A. Bient\u00f4t<br \/>\nI. Rossade<br \/>\nH. Berndt<\/p>\n<p>&nbsp;<\/p>\n<h4>Juges de combat<\/h4>\n<p>Enfants et jeunes : M. Ringel<br \/>\nLandeslizenz Sachsen: S. J. Saul<br \/>\nJuges de la rel\u00e8ve:<br \/>\nA. Rossade<br \/>\nT. Balldauf<\/p>\n<p>&nbsp;<\/p>\n<h4>Site Internet<\/h4>\n<p>Conception textuelle et technique du site : A. Baldauf, H. Gensicke<\/p>\n<p>Conception graphique et textuelle du site : S. J. Saul, J. Matzkowski, M. Gensicke[\/vc_column_text][\/vc_column][\/vc_row]<\/p>\n<\/div>","protected":false},"excerpt":{"rendered":"<p>[vc_row][vc_column][lab_heading title=\u00a0\u00bbLe d\u00e9partement se pr\u00e9sente\u00a0\u00bb][\/lab_heading][\/vc_column][\/vc_row][vc_row][vc_column width=\u00a0\u00bb4\/5&Prime;][vc_column_text]Le d\u00e9partement lutte est g\u00e9r\u00e9 exclusivement par l\u2019activit\u00e9 b\u00e9n\u00e9vole des membres de l\u2019association en \u00e9troite collaboration avec l\u2019association principale SV Prusse Berlin e.V.. Ce n\u2019est que par l\u2019engagement des membres et des parents des jeunes sportifs que les objectifs du d\u00e9partement peuvent \u00eatre atteints. &nbsp; Le d\u00e9partement de la lutte&hellip;<\/p>\n","protected":false},"author":1,"featured_media":0,"parent":0,"menu_order":0,"comment_status":"closed","ping_status":"closed","template":"","meta":{"_acf_changed":false,"footnotes":""},"class_list":["post-2620","page","type-page","status-publish","hentry"],"acf":[],"yoast_head":"<!-- This site is optimized with the Yoast SEO plugin v26.8 - https:\/\/yoast.com\/product\/yoast-seo-wordpress\/ -->\n<title>Le d\u00e9partement se pr\u00e9sente - Preussen-Ringer<\/title>\n<meta name=\"robots\" content=\"index, follow, max-snippet:-1, max-image-preview:large, max-video-preview:-1\" \/>\n<link rel=\"canonical\" href=\"https:\/\/preussen-ringer.de\/fr\/le-departement-se-presente\/\" \/>\n<meta property=\"og:locale\" content=\"fr_FR\" \/>\n<meta property=\"og:type\" content=\"article\" \/>\n<meta property=\"og:title\" content=\"Le d\u00e9partement se pr\u00e9sente - Preussen-Ringer\" \/>\n<meta property=\"og:description\" content=\"[vc_row][vc_column][lab_heading title=\u00a0\u00bbLe d\u00e9partement se pr\u00e9sente\u00a0\u00bb][\/lab_heading][\/vc_column][\/vc_row][vc_row][vc_column width=\u00a0\u00bb4\/5&Prime;][vc_column_text]Le d\u00e9partement lutte est g\u00e9r\u00e9 exclusivement par l\u2019activit\u00e9 b\u00e9n\u00e9vole des membres de l\u2019association en \u00e9troite collaboration avec l\u2019association principale SV Prusse Berlin e.V.. Ce n\u2019est que par l\u2019engagement des membres et des parents des jeunes sportifs que les objectifs du d\u00e9partement peuvent \u00eatre atteints. &nbsp; Le d\u00e9partement de la lutte&hellip;\" \/>\n<meta property=\"og:url\" content=\"https:\/\/preussen-ringer.de\/fr\/le-departement-se-presente\/\" \/>\n<meta property=\"og:site_name\" content=\"Preussen-Ringer\" \/>\n<meta property=\"article:publisher\" content=\"https:\/\/de-de.facebook.com\/Preussen.Ringer\" \/>\n<meta property=\"og:image\" content=\"https:\/\/preussen-ringer.de\/wp-content\/uploads\/2020\/04\/Ringen_Berlin_Wettkampf_1920x1200.jpg\" \/>\n\t<meta property=\"og:image:width\" content=\"1920\" \/>\n\t<meta property=\"og:image:height\" content=\"1280\" \/>\n\t<meta property=\"og:image:type\" content=\"image\/jpeg\" \/>\n<meta name=\"twitter:card\" content=\"summary_large_image\" \/>\n<meta name=\"twitter:label1\" content=\"Dur\u00e9e de lecture estim\u00e9e\" \/>\n\t<meta name=\"twitter:data1\" content=\"2 minutes\" \/>\n<script type=\"application\/ld+json\" class=\"yoast-schema-graph\">{\"@context\":\"https:\/\/schema.org\",\"@graph\":[{\"@type\":\"WebPage\",\"@id\":\"https:\/\/preussen-ringer.de\/fr\/le-departement-se-presente\/\",\"url\":\"https:\/\/preussen-ringer.de\/fr\/le-departement-se-presente\/\",\"name\":\"Le d\u00e9partement se pr\u00e9sente - Preussen-Ringer\",\"isPartOf\":{\"@id\":\"https:\/\/preussen-ringer.de\/#website\"},\"datePublished\":\"2020-08-06T08:14:41+00:00\",\"breadcrumb\":{\"@id\":\"https:\/\/preussen-ringer.de\/fr\/le-departement-se-presente\/#breadcrumb\"},\"inLanguage\":\"fr-FR\",\"potentialAction\":[{\"@type\":\"ReadAction\",\"target\":[\"https:\/\/preussen-ringer.de\/fr\/le-departement-se-presente\/\"]}]},{\"@type\":\"BreadcrumbList\",\"@id\":\"https:\/\/preussen-ringer.de\/fr\/le-departement-se-presente\/#breadcrumb\",\"itemListElement\":[{\"@type\":\"ListItem\",\"position\":1,\"name\":\"Startseite\",\"item\":\"https:\/\/preussen-ringer.de\/fr\/\"},{\"@type\":\"ListItem\",\"position\":2,\"name\":\"Le d\u00e9partement se pr\u00e9sente\"}]},{\"@type\":\"WebSite\",\"@id\":\"https:\/\/preussen-ringer.de\/#website\",\"url\":\"https:\/\/preussen-ringer.de\/\",\"name\":\"Preussen-Ringer\",\"description\":\"Ringerverein in Berlin Prenzlauer Berg, Pankow, Karow und Hohensch\u00f6nhausen\",\"publisher\":{\"@id\":\"https:\/\/preussen-ringer.de\/#organization\"},\"potentialAction\":[{\"@type\":\"SearchAction\",\"target\":{\"@type\":\"EntryPoint\",\"urlTemplate\":\"https:\/\/preussen-ringer.de\/?s={search_term_string}\"},\"query-input\":{\"@type\":\"PropertyValueSpecification\",\"valueRequired\":true,\"valueName\":\"search_term_string\"}}],\"inLanguage\":\"fr-FR\"},{\"@type\":\"Organization\",\"@id\":\"https:\/\/preussen-ringer.de\/#organization\",\"name\":\"Preussen-Ringer\",\"url\":\"https:\/\/preussen-ringer.de\/\",\"logo\":{\"@type\":\"ImageObject\",\"inLanguage\":\"fr-FR\",\"@id\":\"https:\/\/preussen-ringer.de\/#\/schema\/logo\/image\/\",\"url\":\"https:\/\/preussen-ringer.de\/wp-content\/uploads\/2020\/06\/Logo_Preussen_Ringer.jpg\",\"contentUrl\":\"https:\/\/preussen-ringer.de\/wp-content\/uploads\/2020\/06\/Logo_Preussen_Ringer.jpg\",\"width\":470,\"height\":285,\"caption\":\"Preussen-Ringer\"},\"image\":{\"@id\":\"https:\/\/preussen-ringer.de\/#\/schema\/logo\/image\/\"},\"sameAs\":[\"https:\/\/de-de.facebook.com\/Preussen.Ringer\",\"https:\/\/www.instagram.com\/preussenringer.de\/?hl=de\",\"https:\/\/www.pinterest.de\/preussenringer\/\",\"https:\/\/www.youtube.com\/channel\/UCTnHKC5MOkkcgVV1un8vx3g\",\"https:\/\/de.wikipedia.org\/wiki\/SV_Preu\u00dfen_Berlin\"]}]}<\/script>\n<!-- \/ Yoast SEO plugin. -->","yoast_head_json":{"title":"Le d\u00e9partement se pr\u00e9sente - Preussen-Ringer","robots":{"index":"index","follow":"follow","max-snippet":"max-snippet:-1","max-image-preview":"max-image-preview:large","max-video-preview":"max-video-preview:-1"},"canonical":"https:\/\/preussen-ringer.de\/fr\/le-departement-se-presente\/","og_locale":"fr_FR","og_type":"article","og_title":"Le d\u00e9partement se pr\u00e9sente - Preussen-Ringer","og_description":"[vc_row][vc_column][lab_heading title=\u00a0\u00bbLe d\u00e9partement se pr\u00e9sente\u00a0\u00bb][\/lab_heading][\/vc_column][\/vc_row][vc_row][vc_column width=\u00a0\u00bb4\/5&Prime;][vc_column_text]Le d\u00e9partement lutte est g\u00e9r\u00e9 exclusivement par l\u2019activit\u00e9 b\u00e9n\u00e9vole des membres de l\u2019association en \u00e9troite collaboration avec l\u2019association principale SV Prusse Berlin e.V.. Ce n\u2019est que par l\u2019engagement des membres et des parents des jeunes sportifs que les objectifs du d\u00e9partement peuvent \u00eatre atteints. &nbsp; Le d\u00e9partement de la lutte&hellip;","og_url":"https:\/\/preussen-ringer.de\/fr\/le-departement-se-presente\/","og_site_name":"Preussen-Ringer","article_publisher":"https:\/\/de-de.facebook.com\/Preussen.Ringer","og_image":[{"width":1920,"height":1280,"url":"https:\/\/preussen-ringer.de\/wp-content\/uploads\/2020\/04\/Ringen_Berlin_Wettkampf_1920x1200.jpg","type":"image\/jpeg"}],"twitter_card":"summary_large_image","twitter_misc":{"Dur\u00e9e de lecture estim\u00e9e":"2 minutes"},"schema":{"@context":"https:\/\/schema.org","@graph":[{"@type":"WebPage","@id":"https:\/\/preussen-ringer.de\/fr\/le-departement-se-presente\/","url":"https:\/\/preussen-ringer.de\/fr\/le-departement-se-presente\/","name":"Le d\u00e9partement se pr\u00e9sente - Preussen-Ringer","isPartOf":{"@id":"https:\/\/preussen-ringer.de\/#website"},"datePublished":"2020-08-06T08:14:41+00:00","breadcrumb":{"@id":"https:\/\/preussen-ringer.de\/fr\/le-departement-se-presente\/#breadcrumb"},"inLanguage":"fr-FR","potentialAction":[{"@type":"ReadAction","target":["https:\/\/preussen-ringer.de\/fr\/le-departement-se-presente\/"]}]},{"@type":"BreadcrumbList","@id":"https:\/\/preussen-ringer.de\/fr\/le-departement-se-presente\/#breadcrumb","itemListElement":[{"@type":"ListItem","position":1,"name":"Startseite","item":"https:\/\/preussen-ringer.de\/fr\/"},{"@type":"ListItem","position":2,"name":"Le d\u00e9partement se pr\u00e9sente"}]},{"@type":"WebSite","@id":"https:\/\/preussen-ringer.de\/#website","url":"https:\/\/preussen-ringer.de\/","name":"Preussen-Ringer","description":"Ringerverein in Berlin Prenzlauer Berg, Pankow, Karow und Hohensch\u00f6nhausen","publisher":{"@id":"https:\/\/preussen-ringer.de\/#organization"},"potentialAction":[{"@type":"SearchAction","target":{"@type":"EntryPoint","urlTemplate":"https:\/\/preussen-ringer.de\/?s={search_term_string}"},"query-input":{"@type":"PropertyValueSpecification","valueRequired":true,"valueName":"search_term_string"}}],"inLanguage":"fr-FR"},{"@type":"Organization","@id":"https:\/\/preussen-ringer.de\/#organization","name":"Preussen-Ringer","url":"https:\/\/preussen-ringer.de\/","logo":{"@type":"ImageObject","inLanguage":"fr-FR","@id":"https:\/\/preussen-ringer.de\/#\/schema\/logo\/image\/","url":"https:\/\/preussen-ringer.de\/wp-content\/uploads\/2020\/06\/Logo_Preussen_Ringer.jpg","contentUrl":"https:\/\/preussen-ringer.de\/wp-content\/uploads\/2020\/06\/Logo_Preussen_Ringer.jpg","width":470,"height":285,"caption":"Preussen-Ringer"},"image":{"@id":"https:\/\/preussen-ringer.de\/#\/schema\/logo\/image\/"},"sameAs":["https:\/\/de-de.facebook.com\/Preussen.Ringer","https:\/\/www.instagram.com\/preussenringer.de\/?hl=de","https:\/\/www.pinterest.de\/preussenringer\/","https:\/\/www.youtube.com\/channel\/UCTnHKC5MOkkcgVV1un8vx3g","https:\/\/de.wikipedia.org\/wiki\/SV_Preu\u00dfen_Berlin"]}]}},"_links":{"self":[{"href":"https:\/\/preussen-ringer.de\/fr\/wp-json\/wp\/v2\/pages\/2620","targetHints":{"allow":["GET"]}}],"collection":[{"href":"https:\/\/preussen-ringer.de\/fr\/wp-json\/wp\/v2\/pages"}],"about":[{"href":"https:\/\/preussen-ringer.de\/fr\/wp-json\/wp\/v2\/types\/page"}],"author":[{"embeddable":true,"href":"https:\/\/preussen-ringer.de\/fr\/wp-json\/wp\/v2\/users\/1"}],"replies":[{"embeddable":true,"href":"https:\/\/preussen-ringer.de\/fr\/wp-json\/wp\/v2\/comments?post=2620"}],"version-history":[{"count":2,"href":"https:\/\/preussen-ringer.de\/fr\/wp-json\/wp\/v2\/pages\/2620\/revisions"}],"predecessor-version":[{"id":2652,"href":"https:\/\/preussen-ringer.de\/fr\/wp-json\/wp\/v2\/pages\/2620\/revisions\/2652"}],"wp:attachment":[{"href":"https:\/\/preussen-ringer.de\/fr\/wp-json\/wp\/v2\/media?parent=2620"}],"curies":[{"name":"wp","href":"https:\/\/api.w.org\/{rel}","templated":true}]}}