{"id":2617,"date":"2020-08-06T10:14:40","date_gmt":"2020-08-06T08:14:40","guid":{"rendered":"https:\/\/preussen-ringer.de\/parrainage\/"},"modified":"2020-08-06T10:14:42","modified_gmt":"2020-08-06T08:14:42","slug":"parrainage","status":"publish","type":"page","link":"https:\/\/preussen-ringer.de\/fr\/parrainage\/","title":{"rendered":"Parrainage"},"content":{"rendered":"<div class=\"wpb-content-wrapper\"><p>[vc_row][vc_column][lab_heading title=\u00a0\u00bbNos partenaires\u00a0\u00bb]Les partisans, les partenaires de coop\u00e9ration et les sponsors[\/lab_heading][\/vc_column][\/vc_row][vc_row][vc_column][vc_column_text]Un grand merci aux sponsors des lutteurs de Prusse. Ce n\u2019est que gr\u00e2ce \u00e0 votre engagement que nous sommes \u00e0 la hauteur des exigences d\u2019une entreprise sportive moderne. Aidez-nous par votre engagement !<\/p>\n<p>Si vous souhaitez \u00e9galement devenir sponsor ou soutenir les lutteurs de Prusse par un don, contactez-nous via le formulaire de contact ou faites un don sur notre compte d\u2019association :<\/p>\n<p><strong>SV Preu\u00dfen Berlin e.V. <\/strong><br \/>\n<strong>IBAN: DE22 1005 0000 2333 3106 02<\/strong><br \/>\n<strong>BIC: BELADEBEXXX <\/strong><br \/>\n<strong>Berliner Sparkasse<\/strong><\/p>\n<p><strong>Objet : Pr\u00e9nom Nom<br \/>\nD\u00e9partement de la lutte des donations<\/strong><\/p>\n<p>&nbsp;<\/p>\n<h4>Re\u00e7u de don<\/h4>\n<p>En tant qu\u2019association \u00e0 but non lucratif (organisme exon\u00e9r\u00e9 d\u2019imp\u00f4t), nous pouvons d\u00e9livrer au donateur des certificats d\u2019aide fiscalement efficaces (re\u00e7us de dons). En outre, l\u2019acquisition d\u2019un nouveau tapis de lutte est un usage reconnu comme \u00e9ligible. Un re\u00e7u de don vous sera envoy\u00e9 sur demande par l\u2019association principale.<\/p>\n<p>&nbsp;<\/p>\n<h4><strong>Certificat de don simplifi\u00e9 (dons jusqu\u2019\u00e0 200, &#8211; \u20ac)<\/strong><\/h4>\n<p>La preuve de don est une preuve de don simplifi\u00e9e pour les dons re\u00e7us de l\u2019institution de cr\u00e9dit si le montant de la subvention n\u2019exc\u00e8de pas 200, &#8211; \u20ac. La confirmation de la r\u00e9servation doit indiquer le nom et le num\u00e9ro de compte du client et du destinataire, le montant et le jour de la r\u00e9servation.<\/p>\n<p><a href=\"http:\/\/www.lsb-berlin.net\/angebote\/verbands-und-vereinsberatung\/15-spenden-sponsoring\/spendenrecht\/\" target=\"_blank\" rel=\"noopener noreferrer\">[Quelle]<\/a><\/p>\n<div><\/div>\n<p>Lors de vos achats et de vos transactions, veuillez vous r\u00e9f\u00e9rer aux entreprises \u00e9num\u00e9r\u00e9es ici.<\/p>\n<hr>\n<p><a href=\"http:\/\/www.pitbau.de\"><img loading=\"lazy\" decoding=\"async\" class=\"alignright wp-image-1224 size-medium\" style=\"font-weight: bold\" title=\"Ingenieurb\u00fcro Pitbau - Ralph Piterek\" src=\"http:\/\/dev.preussen-ringer.de\/wp-content\/uploads\/2020\/04\/Pitbau_Logo_2015_small-Web-300x122.png\" alt=\"Ingenieurb\u00fcro Pitbau - Ralph Piterek\" width=\"300\" height=\"122\" srcset=\"https:\/\/preussen-ringer.de\/wp-content\/uploads\/2020\/04\/Pitbau_Logo_2015_small-Web-300x122.png 300w, https:\/\/preussen-ringer.de\/wp-content\/uploads\/2020\/04\/Pitbau_Logo_2015_small-Web.png 333w\" sizes=\"auto, (max-width: 300px) 100vw, 300px\" \/><\/a><\/p>\n<h3>Ingenieurb\u00fcro Pitbau<\/h3>\n<p><strong>Bureau de conseil en mati\u00e8re d\u2019\u00e9nergie<\/strong><br \/>\n<strong>Ing\u00e9nieurs consultants VDI<\/strong><\/p>\n<p><strong>Ralph Piterek, directeur g\u00e9n\u00e9ral<\/strong><\/p>\n<p>T\u00e9l\u00e9phone: 030 24 35 88 81<br \/>\nFax: 030 24 35 88 82<\/p>\n<p><a href=\"mailto:info@pitbau.de\">info@pitbau.de<\/a><\/p>\n<p><a href=\"http:\/\/www.pitbau.de\/\" target=\"_blank\" rel=\"noopener noreferrer\">Ingenieurb\u00fcro Pitbau<\/a><\/p>\n<hr>\n<h3>Litfax\u00ae GmbH <img loading=\"lazy\" decoding=\"async\" class=\"size-medium wp-image-1064 alignright\" src=\"http:\/\/dev.preussen-ringer.de\/wp-content\/uploads\/2020\/04\/Litfax_Logo_800px-300x192.jpg\" alt=\"\" width=\"300\" height=\"192\" srcset=\"https:\/\/preussen-ringer.de\/wp-content\/uploads\/2020\/04\/Litfax_Logo_800px-300x192.jpg 300w, https:\/\/preussen-ringer.de\/wp-content\/uploads\/2020\/04\/Litfax_Logo_800px-768x492.jpg 768w, https:\/\/preussen-ringer.de\/wp-content\/uploads\/2020\/04\/Litfax_Logo_800px-558x357.jpg 558w, https:\/\/preussen-ringer.de\/wp-content\/uploads\/2020\/04\/Litfax_Logo_800px-655x419.jpg 655w, https:\/\/preussen-ringer.de\/wp-content\/uploads\/2020\/04\/Litfax_Logo_800px.jpg 800w\" sizes=\"auto, (max-width: 300px) 100vw, 300px\" \/><\/h3>\n<p><strong><span class=\"system-pagebreak\">Verlag f\u00fcr Banken<\/span><\/strong><br \/>\n<strong><span class=\"system-pagebreak\">Les formulaires <br \/> <br \/>\n de paiement, les formulaires bancaires, les articles de marketing,<\/span> <span class=\"system-pagebreak\">Imprim\u00e9s de toutes sortes<\/span><\/strong><span class=\"system-pagebreak\"><br \/>\n<\/span><\/p>\n<p><strong>Peter Junge, PDG<\/strong><\/p>\n<p>T\u00e9l\u00e9phone: 030 688 1919 70<br \/>\nFax: 030 688 1919 99<\/p>\n<p><a href=\"mailto:info@litfax-bv.de\">info@litfax-bv.de<\/a><\/p>\n<p><a href=\"http:\/\/litfax-bv.de\/\" target=\"_blank\" rel=\"noopener noreferrer\">Litfax GmbH<\/a><\/p>\n<hr>\n<h3><strong>B\u00e4renstark Bodenlegerei<\/strong> <img loading=\"lazy\" decoding=\"async\" class=\" wp-image-1228 alignright\" src=\"http:\/\/dev.preussen-ringer.de\/wp-content\/uploads\/2020\/04\/Bildschirmfoto-2017-06-29-um-00.32.44-300x235.png\" alt=\"\" width=\"250\" height=\"196\" srcset=\"https:\/\/preussen-ringer.de\/wp-content\/uploads\/2020\/04\/Bildschirmfoto-2017-06-29-um-00.32.44-300x235.png 300w, https:\/\/preussen-ringer.de\/wp-content\/uploads\/2020\/04\/Bildschirmfoto-2017-06-29-um-00.32.44.png 502w\" sizes=\"auto, (max-width: 250px) 100vw, 250px\" \/><\/h3>\n<p><strong>Pose de parquet, stratifi\u00e9, tapis, etc.<\/strong><br \/>\n<strong>Boucles, scell\u00e9s, huiles<\/strong><\/p>\n<p><strong>Manfred Neumann, directeur g\u00e9n\u00e9ral<\/strong><\/p>\n<p>T\u00e9l\u00e9phone : 0173 2372829<\/p>\n<p><a href=\"mailto:hfs.neumann@gmx.de\">hfs.neumann@gmx.de<\/a><\/p>\n<p>&nbsp;<\/p>\n<p>&nbsp;<\/p>\n<hr>\n<p>&nbsp;[\/vc_column_text][\/vc_column][\/vc_row]<\/p>\n<\/div>","protected":false},"excerpt":{"rendered":"<p>[vc_row][vc_column][lab_heading title=\u00a0\u00bbNos partenaires\u00a0\u00bb]Les partisans, les partenaires de coop\u00e9ration et les sponsors[\/lab_heading][\/vc_column][\/vc_row][vc_row][vc_column][vc_column_text]Un grand merci aux sponsors des lutteurs de Prusse. Ce n\u2019est que gr\u00e2ce \u00e0 votre engagement que nous sommes \u00e0 la hauteur des exigences d\u2019une entreprise sportive moderne. Aidez-nous par votre engagement ! Si vous souhaitez \u00e9galement devenir sponsor ou soutenir les lutteurs de Prusse&hellip;<\/p>\n","protected":false},"author":3,"featured_media":0,"parent":0,"menu_order":0,"comment_status":"closed","ping_status":"closed","template":"","meta":{"_acf_changed":false,"footnotes":""},"class_list":["post-2617","page","type-page","status-publish","hentry"],"acf":[],"yoast_head":"<!-- This site is optimized with the Yoast SEO plugin v26.8 - https:\/\/yoast.com\/product\/yoast-seo-wordpress\/ -->\n<title>Parrainage - Preussen-Ringer<\/title>\n<meta name=\"robots\" content=\"index, follow, max-snippet:-1, max-image-preview:large, max-video-preview:-1\" \/>\n<link rel=\"canonical\" href=\"https:\/\/preussen-ringer.de\/fr\/parrainage\/\" \/>\n<meta property=\"og:locale\" content=\"fr_FR\" \/>\n<meta property=\"og:type\" content=\"article\" \/>\n<meta property=\"og:title\" content=\"Parrainage - Preussen-Ringer\" \/>\n<meta property=\"og:description\" content=\"[vc_row][vc_column][lab_heading title=\u00a0\u00bbNos partenaires\u00a0\u00bb]Les partisans, les partenaires de coop\u00e9ration et les sponsors[\/lab_heading][\/vc_column][\/vc_row][vc_row][vc_column][vc_column_text]Un grand merci aux sponsors des lutteurs de Prusse. Ce n\u2019est que gr\u00e2ce \u00e0 votre engagement que nous sommes \u00e0 la hauteur des exigences d\u2019une entreprise sportive moderne. Aidez-nous par votre engagement ! Si vous souhaitez \u00e9galement devenir sponsor ou soutenir les lutteurs de Prusse&hellip;\" \/>\n<meta property=\"og:url\" content=\"https:\/\/preussen-ringer.de\/fr\/parrainage\/\" \/>\n<meta property=\"og:site_name\" content=\"Preussen-Ringer\" \/>\n<meta property=\"article:publisher\" content=\"https:\/\/de-de.facebook.com\/Preussen.Ringer\" \/>\n<meta property=\"article:modified_time\" content=\"2020-08-06T08:14:42+00:00\" \/>\n<meta property=\"og:image\" content=\"http:\/\/dev.preussen-ringer.de\/wp-content\/uploads\/2020\/04\/Pitbau_Logo_2015_small-Web-300x122.png\" \/>\n<meta name=\"twitter:card\" content=\"summary_large_image\" \/>\n<meta name=\"twitter:label1\" content=\"Dur\u00e9e de lecture estim\u00e9e\" \/>\n\t<meta name=\"twitter:data1\" content=\"2 minutes\" \/>\n<script type=\"application\/ld+json\" class=\"yoast-schema-graph\">{\"@context\":\"https:\/\/schema.org\",\"@graph\":[{\"@type\":\"WebPage\",\"@id\":\"https:\/\/preussen-ringer.de\/fr\/parrainage\/\",\"url\":\"https:\/\/preussen-ringer.de\/fr\/parrainage\/\",\"name\":\"Parrainage - Preussen-Ringer\",\"isPartOf\":{\"@id\":\"https:\/\/preussen-ringer.de\/#website\"},\"primaryImageOfPage\":{\"@id\":\"https:\/\/preussen-ringer.de\/fr\/parrainage\/#primaryimage\"},\"image\":{\"@id\":\"https:\/\/preussen-ringer.de\/fr\/parrainage\/#primaryimage\"},\"thumbnailUrl\":\"http:\/\/dev.preussen-ringer.de\/wp-content\/uploads\/2020\/04\/Pitbau_Logo_2015_small-Web-300x122.png\",\"datePublished\":\"2020-08-06T08:14:40+00:00\",\"dateModified\":\"2020-08-06T08:14:42+00:00\",\"breadcrumb\":{\"@id\":\"https:\/\/preussen-ringer.de\/fr\/parrainage\/#breadcrumb\"},\"inLanguage\":\"fr-FR\",\"potentialAction\":[{\"@type\":\"ReadAction\",\"target\":[\"https:\/\/preussen-ringer.de\/fr\/parrainage\/\"]}]},{\"@type\":\"ImageObject\",\"inLanguage\":\"fr-FR\",\"@id\":\"https:\/\/preussen-ringer.de\/fr\/parrainage\/#primaryimage\",\"url\":\"http:\/\/dev.preussen-ringer.de\/wp-content\/uploads\/2020\/04\/Pitbau_Logo_2015_small-Web-300x122.png\",\"contentUrl\":\"http:\/\/dev.preussen-ringer.de\/wp-content\/uploads\/2020\/04\/Pitbau_Logo_2015_small-Web-300x122.png\"},{\"@type\":\"BreadcrumbList\",\"@id\":\"https:\/\/preussen-ringer.de\/fr\/parrainage\/#breadcrumb\",\"itemListElement\":[{\"@type\":\"ListItem\",\"position\":1,\"name\":\"Startseite\",\"item\":\"https:\/\/preussen-ringer.de\/fr\/\"},{\"@type\":\"ListItem\",\"position\":2,\"name\":\"Parrainage\"}]},{\"@type\":\"WebSite\",\"@id\":\"https:\/\/preussen-ringer.de\/#website\",\"url\":\"https:\/\/preussen-ringer.de\/\",\"name\":\"Preussen-Ringer\",\"description\":\"Ringerverein in Berlin Prenzlauer Berg, Pankow, Karow und Hohensch\u00f6nhausen\",\"publisher\":{\"@id\":\"https:\/\/preussen-ringer.de\/#organization\"},\"potentialAction\":[{\"@type\":\"SearchAction\",\"target\":{\"@type\":\"EntryPoint\",\"urlTemplate\":\"https:\/\/preussen-ringer.de\/?s={search_term_string}\"},\"query-input\":{\"@type\":\"PropertyValueSpecification\",\"valueRequired\":true,\"valueName\":\"search_term_string\"}}],\"inLanguage\":\"fr-FR\"},{\"@type\":\"Organization\",\"@id\":\"https:\/\/preussen-ringer.de\/#organization\",\"name\":\"Preussen-Ringer\",\"url\":\"https:\/\/preussen-ringer.de\/\",\"logo\":{\"@type\":\"ImageObject\",\"inLanguage\":\"fr-FR\",\"@id\":\"https:\/\/preussen-ringer.de\/#\/schema\/logo\/image\/\",\"url\":\"https:\/\/preussen-ringer.de\/wp-content\/uploads\/2020\/06\/Logo_Preussen_Ringer.jpg\",\"contentUrl\":\"https:\/\/preussen-ringer.de\/wp-content\/uploads\/2020\/06\/Logo_Preussen_Ringer.jpg\",\"width\":470,\"height\":285,\"caption\":\"Preussen-Ringer\"},\"image\":{\"@id\":\"https:\/\/preussen-ringer.de\/#\/schema\/logo\/image\/\"},\"sameAs\":[\"https:\/\/de-de.facebook.com\/Preussen.Ringer\",\"https:\/\/www.instagram.com\/preussenringer.de\/?hl=de\",\"https:\/\/www.pinterest.de\/preussenringer\/\",\"https:\/\/www.youtube.com\/channel\/UCTnHKC5MOkkcgVV1un8vx3g\",\"https:\/\/de.wikipedia.org\/wiki\/SV_Preu\u00dfen_Berlin\"]}]}<\/script>\n<!-- \/ Yoast SEO plugin. -->","yoast_head_json":{"title":"Parrainage - Preussen-Ringer","robots":{"index":"index","follow":"follow","max-snippet":"max-snippet:-1","max-image-preview":"max-image-preview:large","max-video-preview":"max-video-preview:-1"},"canonical":"https:\/\/preussen-ringer.de\/fr\/parrainage\/","og_locale":"fr_FR","og_type":"article","og_title":"Parrainage - Preussen-Ringer","og_description":"[vc_row][vc_column][lab_heading title=\u00a0\u00bbNos partenaires\u00a0\u00bb]Les partisans, les partenaires de coop\u00e9ration et les sponsors[\/lab_heading][\/vc_column][\/vc_row][vc_row][vc_column][vc_column_text]Un grand merci aux sponsors des lutteurs de Prusse. Ce n\u2019est que gr\u00e2ce \u00e0 votre engagement que nous sommes \u00e0 la hauteur des exigences d\u2019une entreprise sportive moderne. Aidez-nous par votre engagement ! Si vous souhaitez \u00e9galement devenir sponsor ou soutenir les lutteurs de Prusse&hellip;","og_url":"https:\/\/preussen-ringer.de\/fr\/parrainage\/","og_site_name":"Preussen-Ringer","article_publisher":"https:\/\/de-de.facebook.com\/Preussen.Ringer","article_modified_time":"2020-08-06T08:14:42+00:00","og_image":[{"url":"http:\/\/dev.preussen-ringer.de\/wp-content\/uploads\/2020\/04\/Pitbau_Logo_2015_small-Web-300x122.png","type":"","width":"","height":""}],"twitter_card":"summary_large_image","twitter_misc":{"Dur\u00e9e de lecture estim\u00e9e":"2 minutes"},"schema":{"@context":"https:\/\/schema.org","@graph":[{"@type":"WebPage","@id":"https:\/\/preussen-ringer.de\/fr\/parrainage\/","url":"https:\/\/preussen-ringer.de\/fr\/parrainage\/","name":"Parrainage - Preussen-Ringer","isPartOf":{"@id":"https:\/\/preussen-ringer.de\/#website"},"primaryImageOfPage":{"@id":"https:\/\/preussen-ringer.de\/fr\/parrainage\/#primaryimage"},"image":{"@id":"https:\/\/preussen-ringer.de\/fr\/parrainage\/#primaryimage"},"thumbnailUrl":"http:\/\/dev.preussen-ringer.de\/wp-content\/uploads\/2020\/04\/Pitbau_Logo_2015_small-Web-300x122.png","datePublished":"2020-08-06T08:14:40+00:00","dateModified":"2020-08-06T08:14:42+00:00","breadcrumb":{"@id":"https:\/\/preussen-ringer.de\/fr\/parrainage\/#breadcrumb"},"inLanguage":"fr-FR","potentialAction":[{"@type":"ReadAction","target":["https:\/\/preussen-ringer.de\/fr\/parrainage\/"]}]},{"@type":"ImageObject","inLanguage":"fr-FR","@id":"https:\/\/preussen-ringer.de\/fr\/parrainage\/#primaryimage","url":"http:\/\/dev.preussen-ringer.de\/wp-content\/uploads\/2020\/04\/Pitbau_Logo_2015_small-Web-300x122.png","contentUrl":"http:\/\/dev.preussen-ringer.de\/wp-content\/uploads\/2020\/04\/Pitbau_Logo_2015_small-Web-300x122.png"},{"@type":"BreadcrumbList","@id":"https:\/\/preussen-ringer.de\/fr\/parrainage\/#breadcrumb","itemListElement":[{"@type":"ListItem","position":1,"name":"Startseite","item":"https:\/\/preussen-ringer.de\/fr\/"},{"@type":"ListItem","position":2,"name":"Parrainage"}]},{"@type":"WebSite","@id":"https:\/\/preussen-ringer.de\/#website","url":"https:\/\/preussen-ringer.de\/","name":"Preussen-Ringer","description":"Ringerverein in Berlin Prenzlauer Berg, Pankow, Karow und Hohensch\u00f6nhausen","publisher":{"@id":"https:\/\/preussen-ringer.de\/#organization"},"potentialAction":[{"@type":"SearchAction","target":{"@type":"EntryPoint","urlTemplate":"https:\/\/preussen-ringer.de\/?s={search_term_string}"},"query-input":{"@type":"PropertyValueSpecification","valueRequired":true,"valueName":"search_term_string"}}],"inLanguage":"fr-FR"},{"@type":"Organization","@id":"https:\/\/preussen-ringer.de\/#organization","name":"Preussen-Ringer","url":"https:\/\/preussen-ringer.de\/","logo":{"@type":"ImageObject","inLanguage":"fr-FR","@id":"https:\/\/preussen-ringer.de\/#\/schema\/logo\/image\/","url":"https:\/\/preussen-ringer.de\/wp-content\/uploads\/2020\/06\/Logo_Preussen_Ringer.jpg","contentUrl":"https:\/\/preussen-ringer.de\/wp-content\/uploads\/2020\/06\/Logo_Preussen_Ringer.jpg","width":470,"height":285,"caption":"Preussen-Ringer"},"image":{"@id":"https:\/\/preussen-ringer.de\/#\/schema\/logo\/image\/"},"sameAs":["https:\/\/de-de.facebook.com\/Preussen.Ringer","https:\/\/www.instagram.com\/preussenringer.de\/?hl=de","https:\/\/www.pinterest.de\/preussenringer\/","https:\/\/www.youtube.com\/channel\/UCTnHKC5MOkkcgVV1un8vx3g","https:\/\/de.wikipedia.org\/wiki\/SV_Preu\u00dfen_Berlin"]}]}},"_links":{"self":[{"href":"https:\/\/preussen-ringer.de\/fr\/wp-json\/wp\/v2\/pages\/2617","targetHints":{"allow":["GET"]}}],"collection":[{"href":"https:\/\/preussen-ringer.de\/fr\/wp-json\/wp\/v2\/pages"}],"about":[{"href":"https:\/\/preussen-ringer.de\/fr\/wp-json\/wp\/v2\/types\/page"}],"author":[{"embeddable":true,"href":"https:\/\/preussen-ringer.de\/fr\/wp-json\/wp\/v2\/users\/3"}],"replies":[{"embeddable":true,"href":"https:\/\/preussen-ringer.de\/fr\/wp-json\/wp\/v2\/comments?post=2617"}],"version-history":[{"count":3,"href":"https:\/\/preussen-ringer.de\/fr\/wp-json\/wp\/v2\/pages\/2617\/revisions"}],"predecessor-version":[{"id":2726,"href":"https:\/\/preussen-ringer.de\/fr\/wp-json\/wp\/v2\/pages\/2617\/revisions\/2726"}],"wp:attachment":[{"href":"https:\/\/preussen-ringer.de\/fr\/wp-json\/wp\/v2\/media?parent=2617"}],"curies":[{"name":"wp","href":"https:\/\/api.w.org\/{rel}","templated":true}]}}